{"id":378,"date":"2023-11-26T15:22:13","date_gmt":"2023-11-26T15:22:13","guid":{"rendered":"https:\/\/hairtrans.com\/?page_id=378"},"modified":"2024-02-26T10:01:36","modified_gmt":"2024-02-26T10:01:36","slug":"trapianto-di-capelli-per-uomini-donne-e-donne-transgender","status":"publish","type":"page","link":"https:\/\/hairtrans.com\/it\/hair-transplant-for-male-female-and-transgender-womens\/","title":{"rendered":"Trapianto di capelli per uomini, donne e donne transgender"},"content":{"rendered":"<div data-elementor-type=\"wp-page\" data-elementor-id=\"378\" class=\"elementor elementor-378\">\n\t\t\t\t<div class=\"elementor-element elementor-element-4555c899 e-flex e-con-boxed e-con e-parent\" data-id=\"4555c899\" data-element_type=\"container\" data-e-type=\"container\" data-settings=\"{&quot;background_background&quot;:&quot;classic&quot;}\">\n\t\t\t\t\t<div class=\"e-con-inner\">\n\t\t\t\t<div class=\"elementor-element elementor-element-111ad20d elementor-invisible elementor-widget elementor-widget-heading\" data-id=\"111ad20d\" data-element_type=\"widget\" data-e-type=\"widget\" data-settings=\"{&quot;_animation&quot;:&quot;fadeIn&quot;}\" data-widget_type=\"heading.default\">\n\t\t\t\t<div class=\"elementor-widget-container\">\n\t\t\t\t\t<h2 class=\"elementor-heading-title elementor-size-default\">Trapianto di capelli per tutti<\/h2>\t\t\t\t<\/div>\n\t\t\t\t<\/div>\n\t\t\t\t<div class=\"elementor-element elementor-element-4739f75c elementor-icon-list--layout-inline elementor-align-center elementor-list-item-link-full_width elementor-invisible elementor-widget elementor-widget-icon-list\" data-id=\"4739f75c\" data-element_type=\"widget\" data-e-type=\"widget\" data-settings=\"{&quot;_animation&quot;:&quot;fadeIn&quot;,&quot;_animation_delay&quot;:200}\" data-widget_type=\"icon-list.default\">\n\t\t\t\t<div class=\"elementor-widget-container\">\n\t\t\t\t\t\t\t<ul class=\"elementor-icon-list-items elementor-inline-items\">\n\t\t\t\t\t\t\t<li class=\"elementor-icon-list-item elementor-inline-item\">\n\t\t\t\t\t\t\t\t\t\t\t<a href=\"#\">\n\n\t\t\t\t\t\t\t\t\t\t\t<span class=\"elementor-icon-list-text\">Casa<\/span>\n\t\t\t\t\t\t\t\t\t\t\t<\/a>\n\t\t\t\t\t\t\t\t\t<\/li>\n\t\t\t\t\t\t\t\t<li class=\"elementor-icon-list-item elementor-inline-item\">\n\t\t\t\t\t\t\t\t\t\t\t<a href=\"https:\/\/hairtrans.com\/it\/trapianto-di-capelli-per-uomini-donne-e-donne-transgender\/\">\n\n\t\t\t\t\t\t\t\t\t\t\t\t<span class=\"elementor-icon-list-icon\">\n\t\t\t\t\t\t\t<i aria-hidden=\"true\" class=\"icon icon-right-arrow\"><\/i>\t\t\t\t\t\t<\/span>\n\t\t\t\t\t\t\t\t\t\t<span class=\"elementor-icon-list-text\">Trapianto di capelli per tutti<\/span>\n\t\t\t\t\t\t\t\t\t\t\t<\/a>\n\t\t\t\t\t\t\t\t\t<\/li>\n\t\t\t\t\t\t<\/ul>\n\t\t\t\t\t\t<\/div>\n\t\t\t\t<\/div>\n\t\t<div class=\"elementor-element elementor-element-220a7e4d e-con-full e-flex elementor-invisible e-con e-child\" data-id=\"220a7e4d\" data-element_type=\"container\" data-e-type=\"container\" data-settings=\"{&quot;background_background&quot;:&quot;classic&quot;,&quot;animation&quot;:&quot;fadeIn&quot;,&quot;animation_delay&quot;:400}\">\n\t\t\t\t<div class=\"elementor-element elementor-element-2a32f70 elementor-widget elementor-widget-heading\" data-id=\"2a32f70\" data-element_type=\"widget\" data-e-type=\"widget\" data-widget_type=\"heading.default\">\n\t\t\t\t<div class=\"elementor-widget-container\">\n\t\t\t\t\t<h1 class=\"elementor-heading-title elementor-size-default\">Trasformati con sicurezza: <br> Il miglior restauro dei capelli inclusivo<\/h1>\t\t\t\t<\/div>\n\t\t\t\t<\/div>\n\t\t\t\t<div class=\"elementor-element elementor-element-1754661 elementor-widget elementor-widget-text-editor\" data-id=\"1754661\" data-element_type=\"widget\" data-e-type=\"widget\" data-widget_type=\"text-editor.default\">\n\t\t\t\t<div class=\"elementor-widget-container\">\n\t\t\t\t\t\t\t\t\t<p>A <a href=\"https:\/\/hairtrans.com\/it\/\">Capelli<\/a> Trans Clinic, forniamo servizi di ripristino dei capelli gender-inclusive guidati dal Dott. Mehmet Fatih Okyay. Il nostro team di esperti offre soluzioni personalizzate per individui di tutti i generi, celebrando la diversit\u00e0 nel percorso verso una rinnovata sicurezza.<\/p>\t\t\t\t\t\t\t\t<\/div>\n\t\t\t\t<\/div>\n\t\t\t\t<div class=\"elementor-element elementor-element-50bfc73b elementor-widget-divider--view-line elementor-widget elementor-widget-divider\" data-id=\"50bfc73b\" data-element_type=\"widget\" data-e-type=\"widget\" data-widget_type=\"divider.default\">\n\t\t\t\t<div class=\"elementor-widget-container\">\n\t\t\t\t\t\t\t<div class=\"elementor-divider\">\n\t\t\t<span class=\"elementor-divider-separator\">\n\t\t\t\t\t\t<\/span>\n\t\t<\/div>\n\t\t\t\t\t\t<\/div>\n\t\t\t\t<\/div>\n\t\t\t\t<\/div>\n\t\t\t\t\t<\/div>\n\t\t\t\t<\/div>\n\t\t<div class=\"elementor-element elementor-element-d63789d e-flex e-con-boxed e-con e-parent\" data-id=\"d63789d\" data-element_type=\"container\" data-e-type=\"container\">\n\t\t\t\t\t<div class=\"e-con-inner\">\n\t\t<div class=\"elementor-element elementor-element-176b64c e-flex e-con-boxed e-con e-child\" data-id=\"176b64c\" data-element_type=\"container\" data-e-type=\"container\">\n\t\t\t\t\t<div class=\"e-con-inner\">\n\t\t\t\t<div class=\"elementor-element elementor-element-103be5a elementor-widget elementor-widget-image\" data-id=\"103be5a\" data-element_type=\"widget\" data-e-type=\"widget\" data-widget_type=\"image.default\">\n\t\t\t\t<div class=\"elementor-widget-container\">\n\t\t\t\t\t\t\t\t\t\t\t\t\t\t\t<img fetchpriority=\"high\" decoding=\"async\" width=\"408\" height=\"612\" src=\"https:\/\/hairtrans.com\/wp-content\/uploads\/2023\/11\/male-hair-transplant.jpg\" class=\"attachment-large size-large wp-image-380\" alt=\"Descrizione editoriale dettagliata dell&#039;immagine che ritrae un uomo calvo con le mani sulla testa. L&#039;immagine viene analizzata in base a fotocamera e ottica, illuminazione, anatomia e identit\u00e0, texture e pelle, abbigliamento e accessori, composizione e sfondo: **Fotocamera e ottica:** L&#039;immagine sembra essere stata scattata con un teleobiettivo medio, probabilmente nella gamma degli 85 mm, ideale per i ritratti. La scelta dell&#039;obiettivo garantisce una distorsione minima e una messa a fuoco nitida sui tratti del viso del soggetto. La qualit\u00e0 dell&#039;immagine suggerisce un&#039;acquisizione ad alta risoluzione, potenzialmente in 8K, che offre dettagli iperrealistici, soprattutto nella texture della pelle e nelle espressioni facciali. La ridotta profondit\u00e0 di campo isola il soggetto dallo sfondo, enfatizzandone lo stato emotivo. **Illuminazione:** L&#039;illuminazione \u00e8 caratterizzata da una tecnica di luce dura, che crea ombre e luci distinte. La sorgente luminosa sembra provenire da un&#039;angolazione laterale, producendo ombre drammatiche che accentuano i contorni del viso e della testa del soggetto. Questa tecnica esalta la tridimensionalit\u00e0 del soggetto, enfatizzando la struttura del viso, come gli zigomi e la linea della mascella, e proiettando ombre profonde intorno agli occhi e alla fronte. **Anatomia e identit\u00e0:** Il soggetto \u00e8 un uomo, ritratto in un momento di apparente angoscia o contemplazione. La sua postura, con le mani sulla testa, trasmette un senso di frustrazione o preoccupazione. Il suo fisico appare nella media, senza una definizione muscolare o contorni del corpo esagerati. L&#039;attenzione \u00e8 focalizzata principalmente sull&#039;espressione del viso e sulla parte superiore del corpo, inquadrate in modo da evidenziare il suo stato emotivo. **Texture e pelle:** La texture della pelle \u00e8 catturata con meticolosa precisione, mostrando una finitura opaca con sottili tracce di sebo o idratazione naturale. Non sono visibili gocce di sudore, ma l&#039;illuminazione accentua la naturale luminosit\u00e0 della pelle, in particolare sulla fronte e sulle guance. La qualit\u00e0 iperrealistica dell&#039;immagine rivela linee sottili, pori e la levigatezza del cuoio capelluto, contribuendo all&#039;autenticit\u00e0 del ritratto. **Abbigliamento e accessori:** Il soggetto indossa una semplice t-shirt bianca, probabilmente realizzata in un tessuto morbido e traspirante come il cotone. La semplicit\u00e0 dell&#039;abbigliamento fa s\u00ec che l&#039;attenzione rimanga concentrata sull&#039;espressione del viso e sul linguaggio del corpo del soggetto. Non sono visibili accessori metallici o altri elementi, mantenendo un&#039;estetica minimalista. **Composizione e sfondo:** La composizione centra il soggetto su uno sfondo neutro e semplice, probabilmente bianco o grigio chiaro. Questa scelta elimina le distrazioni e dirige completamente l&#039;attenzione sul soggetto. L&#039;atmosfera dell&#039;immagine \u00e8 austera e minimalista, evocando un senso di vulnerabilit\u00e0 e introspezione. L&#039;assenza di elementi aggiuntivi nello sfondo rafforza il peso emotivo dell&#039;espressione del soggetto, creando una narrazione visiva toccante e potente.\" srcset=\"https:\/\/hairtrans.com\/wp-content\/uploads\/2023\/11\/male-hair-transplant.jpg.webp 408w, https:\/\/hairtrans.com\/wp-content\/uploads\/2023\/11\/male-hair-transplant-200x300.jpg.webp 200w\" sizes=\"(max-width: 408px) 100vw, 408px\" \/>\t\t\t\t\t\t\t\t\t\t\t\t\t\t\t<\/div>\n\t\t\t\t<\/div>\n\t\t\t\t<div class=\"elementor-element elementor-element-f0c5c95 elementor-widget elementor-widget-heading\" data-id=\"f0c5c95\" data-element_type=\"widget\" data-e-type=\"widget\" data-widget_type=\"heading.default\">\n\t\t\t\t<div class=\"elementor-widget-container\">\n\t\t\t\t\t<h2 class=\"elementor-heading-title elementor-size-default\">Trapianto di capelli per uomini: sbloccare sicurezza e stile\n<\/h2>\t\t\t\t<\/div>\n\t\t\t\t<\/div>\n\t\t\t\t<div class=\"elementor-element elementor-element-c3a3398 elementor-widget elementor-widget-text-editor\" data-id=\"c3a3398\" data-element_type=\"widget\" data-e-type=\"widget\" data-widget_type=\"text-editor.default\">\n\t\t\t\t<div class=\"elementor-widget-container\">\n\t\t\t\t\t\t\t\t\t<p>La perdita dei capelli pu\u00f2 avere un impatto profondo sull'autostima e sull'aspetto generale di un uomo. Alla Hair Trans Clinic comprendiamo l'importanza di ritrovare la fiducia in se stessi attraverso un efficace restauro dei capelli. Il nostro esperto, il Dr. Mehmet Fatih Okyay, \u00e8 specializzato in tecniche all'avanguardia come l'estrazione di unit\u00e0 follicolari (FUE) e la Sapphire FUE. Grazie al nostro approccio inclusivo e incentrato sul paziente, offriamo soluzioni personalizzate per affrontare la calvizie maschile. Affidatevi a noi per recuperare non solo i vostri capelli, ma anche il vostro senso dello stile e la sicurezza in voi stessi.<\/p>\t\t\t\t\t\t\t\t<\/div>\n\t\t\t\t<\/div>\n\t\t\t\t<div class=\"elementor-element elementor-element-21405f4 elementor-widget elementor-widget-button\" data-id=\"21405f4\" data-element_type=\"widget\" data-e-type=\"widget\" data-widget_type=\"button.default\">\n\t\t\t\t<div class=\"elementor-widget-container\">\n\t\t\t\t\t\t\t\t\t<div class=\"elementor-button-wrapper\">\n\t\t\t\t\t<a class=\"elementor-button elementor-button-link elementor-size-sm\" href=\"#contactformemre\">\n\t\t\t\t\t\t<span class=\"elementor-button-content-wrapper\">\n\t\t\t\t\t\t\t\t\t<span class=\"elementor-button-text\">Iniziare<\/span>\n\t\t\t\t\t<\/span>\n\t\t\t\t\t<\/a>\n\t\t\t\t<\/div>\n\t\t\t\t\t\t\t\t<\/div>\n\t\t\t\t<\/div>\n\t\t\t\t\t<\/div>\n\t\t\t\t<\/div>\n\t\t<div class=\"elementor-element elementor-element-96e8d29 e-flex e-con-boxed e-con e-child\" data-id=\"96e8d29\" data-element_type=\"container\" data-e-type=\"container\">\n\t\t\t\t\t<div class=\"e-con-inner\">\n\t\t\t\t<div class=\"elementor-element elementor-element-845d8da elementor-widget elementor-widget-image\" data-id=\"845d8da\" data-element_type=\"widget\" data-e-type=\"widget\" data-widget_type=\"image.default\">\n\t\t\t\t<div class=\"elementor-widget-container\">\n\t\t\t\t\t\t\t\t\t\t\t\t\t\t\t<img decoding=\"async\" width=\"408\" height=\"612\" src=\"https:\/\/hairtrans.com\/wp-content\/uploads\/2023\/11\/female-hair-transplant.jpg\" class=\"attachment-large size-large wp-image-381\" alt=\"Un ritratto iperrealistico in stile editoriale, con risoluzione 8K, di una donna, in primo piano, scattato con un obiettivo da 85 mm. La composizione \u00e8 pulita e minimalista, su uno sfondo bianco brillante e luminoso. La protagonista \u00e8 una giovane donna, con uno sguardo leggermente introspettivo rivolto verso il basso, mentre tiene con grazia una ciocca dei suoi capelli scuri. L&#039;incarnato \u00e8 impeccabile, catturato con una morbida illuminazione diffusa da studio che illumina la pelle con una luminescenza opaca e naturale, evitando ombre nette per enfatizzare un&#039;estetica pulita e clinica. Indossa un top bianco minimalista senza spalline, realizzato in un morbido misto cotone a maglia fine, che contribuisce all&#039;atmosfera pura e delicata dell&#039;immagine. La messa a fuoco \u00e8 nitidamente centrata sul viso e sui capelli della protagonista, evidenziando con precisione chirurgica il diradamento e la texture del cuoio capelluto, presentati in modo professionale ed empatico, adatto alla documentazione editoriale medico-estetica.\" srcset=\"https:\/\/hairtrans.com\/wp-content\/uploads\/2023\/11\/female-hair-transplant.jpg.webp 408w, https:\/\/hairtrans.com\/wp-content\/uploads\/2023\/11\/female-hair-transplant-200x300.jpg.webp 200w\" sizes=\"(max-width: 408px) 100vw, 408px\" \/>\t\t\t\t\t\t\t\t\t\t\t\t\t\t\t<\/div>\n\t\t\t\t<\/div>\n\t\t\t\t<div class=\"elementor-element elementor-element-152bf6f elementor-widget elementor-widget-heading\" data-id=\"152bf6f\" data-element_type=\"widget\" data-e-type=\"widget\" data-widget_type=\"heading.default\">\n\t\t\t\t<div class=\"elementor-widget-container\">\n\t\t\t\t\t<h2 class=\"elementor-heading-title elementor-size-default\">Potenziare le donne con il trapianto di capelli: abbraccia la tua bellezza naturale<\/h2>\t\t\t\t<\/div>\n\t\t\t\t<\/div>\n\t\t\t\t<div class=\"elementor-element elementor-element-1339b49 elementor-widget elementor-widget-text-editor\" data-id=\"1339b49\" data-element_type=\"widget\" data-e-type=\"widget\" data-widget_type=\"text-editor.default\">\n\t\t\t\t<div class=\"elementor-widget-container\">\n\t\t\t\t\t\t\t\t\t<p>La perdita di capelli non \u00e8 un&#039;esclusiva degli uomini; anche le donne possono sperimentarne il peso emotivo. Hair Trans Clinic, sotto la guida del dott. Mehmet Fatih Okyay, riconosce le sfide uniche che le donne affrontano con il diradamento dei capelli o la calvizie. Le nostre tecniche avanzate di trapianto di capelli, tra cui Sapphire FUE, sono studiate per ripristinare e migliorare la tua bellezza naturale. Con un impegno per il benessere del paziente, ci concentriamo non solo sul ripristino dei capelli, ma anche sull&#039;empowerment delle donne affinch\u00e9 abbraccino il loro s\u00e9 autentico.<\/p>\t\t\t\t\t\t\t\t<\/div>\n\t\t\t\t<\/div>\n\t\t\t\t<div class=\"elementor-element elementor-element-29527e7 elementor-widget elementor-widget-button\" data-id=\"29527e7\" data-element_type=\"widget\" data-e-type=\"widget\" data-widget_type=\"button.default\">\n\t\t\t\t<div class=\"elementor-widget-container\">\n\t\t\t\t\t\t\t\t\t<div class=\"elementor-button-wrapper\">\n\t\t\t\t\t<a class=\"elementor-button elementor-button-link elementor-size-sm\" href=\"#contactformemre\">\n\t\t\t\t\t\t<span class=\"elementor-button-content-wrapper\">\n\t\t\t\t\t\t\t\t\t<span class=\"elementor-button-text\">Iniziare<\/span>\n\t\t\t\t\t<\/span>\n\t\t\t\t\t<\/a>\n\t\t\t\t<\/div>\n\t\t\t\t\t\t\t\t<\/div>\n\t\t\t\t<\/div>\n\t\t\t\t\t<\/div>\n\t\t\t\t<\/div>\n\t\t<div class=\"elementor-element elementor-element-b7ca4b6 e-flex e-con-boxed e-con e-child\" data-id=\"b7ca4b6\" data-element_type=\"container\" data-e-type=\"container\">\n\t\t\t\t\t<div class=\"e-con-inner\">\n\t\t\t\t<div class=\"elementor-element elementor-element-680745f elementor-widget elementor-widget-image\" data-id=\"680745f\" data-element_type=\"widget\" data-e-type=\"widget\" data-widget_type=\"image.default\">\n\t\t\t\t<div class=\"elementor-widget-container\">\n\t\t\t\t\t\t\t\t\t\t\t\t\t\t\t<img decoding=\"async\" width=\"408\" height=\"612\" src=\"https:\/\/hairtrans.com\/wp-content\/uploads\/2023\/11\/transgender-hair-transplant.jpg\" class=\"attachment-large size-large wp-image-382\" alt=\"Catturato con la precisione clinica di un obiettivo fisso da 85 mm, questo ritratto iperrealistico presenta uno studio ad alta risoluzione (8K) di una donna transgender in un ambiente professionale illuminato in studio. L&#039;illuminazione \u00e8 morbida e diffusa, creando un incarnato uniforme e luminoso che accentua i lineamenti del viso, lo sguardo fisso e la postura tranquilla e sicura del soggetto. La sua pelle mostra una luminosit\u00e0 naturale e sana, catturata con una texture fine e dettagli sottili e realistici. Indossa una semplice canotta bianca in cotone, che fornisce una base neutra che focalizza completamente l&#039;attenzione sul suo aspetto. La composizione \u00e8 un classico ritratto a mezzo busto su uno sfondo grigio tenue e uniforme, che evoca un&#039;atmosfera sofisticata da rivista, enfatizzando sia l&#039;identit\u00e0 individuale che la chiarezza.\" srcset=\"https:\/\/hairtrans.com\/wp-content\/uploads\/2023\/11\/transgender-hair-transplant.jpg.webp 408w, https:\/\/hairtrans.com\/wp-content\/uploads\/2023\/11\/transgender-hair-transplant-200x300.jpg.webp 200w\" sizes=\"(max-width: 408px) 100vw, 408px\" \/>\t\t\t\t\t\t\t\t\t\t\t\t\t\t\t<\/div>\n\t\t\t\t<\/div>\n\t\t\t\t<div class=\"elementor-element elementor-element-06a6aed elementor-widget elementor-widget-heading\" data-id=\"06a6aed\" data-element_type=\"widget\" data-e-type=\"widget\" data-widget_type=\"heading.default\">\n\t\t\t\t<div class=\"elementor-widget-container\">\n\t\t\t\t\t<h2 class=\"elementor-heading-title elementor-size-default\">Trapianto di capelli per donne trans: un viaggio verso l&#039;autoespressione\n\n<\/h2>\t\t\t\t<\/div>\n\t\t\t\t<\/div>\n\t\t\t\t<div class=\"elementor-element elementor-element-03459bb elementor-widget elementor-widget-text-editor\" data-id=\"03459bb\" data-element_type=\"widget\" data-e-type=\"widget\" data-widget_type=\"text-editor.default\">\n\t\t\t\t<div class=\"elementor-widget-container\">\n\t\t\t\t\t\t\t\t\t<p>Alla Hair Trans Clinic celebriamo la diversit\u00e0 e l&#039;inclusivit\u00e0. Riconoscendo che tutti meritano di sentirsi sicuri del proprio aspetto, offriamo con orgoglio servizi di trapianto di capelli per donne trans. L&#039;esperienza del dott. Mehmet Fatih Okyay in Follicular Unit Extraction (FUE) e Sapphire FUE garantisce un&#039;esperienza personalizzata e affermativa. La nostra clinica non \u00e8 solo amica dei capelli; \u00e8 amica LGBTQ+. Comprendiamo l&#039;importanza dell&#039;espressione di s\u00e9 e il nostro team \u00e8 dedicato ad aiutare le donne trans a raggiungere il look desiderato con compassione e comprensione.<\/p>\t\t\t\t\t\t\t\t<\/div>\n\t\t\t\t<\/div>\n\t\t\t\t<div class=\"elementor-element elementor-element-1fd7438 elementor-widget elementor-widget-button\" data-id=\"1fd7438\" data-element_type=\"widget\" data-e-type=\"widget\" data-widget_type=\"button.default\">\n\t\t\t\t<div class=\"elementor-widget-container\">\n\t\t\t\t\t\t\t\t\t<div class=\"elementor-button-wrapper\">\n\t\t\t\t\t<a class=\"elementor-button elementor-button-link elementor-size-sm\" href=\"#contactformemre\">\n\t\t\t\t\t\t<span class=\"elementor-button-content-wrapper\">\n\t\t\t\t\t\t\t\t\t<span class=\"elementor-button-text\">Iniziare<\/span>\n\t\t\t\t\t<\/span>\n\t\t\t\t\t<\/a>\n\t\t\t\t<\/div>\n\t\t\t\t\t\t\t\t<\/div>\n\t\t\t\t<\/div>\n\t\t\t\t\t<\/div>\n\t\t\t\t<\/div>\n\t\t\t\t\t<\/div>\n\t\t\t\t<\/div>\n\t\t<div class=\"elementor-element elementor-element-9aa5266 e-flex e-con-boxed e-con e-parent\" data-id=\"9aa5266\" data-element_type=\"container\" data-e-type=\"container\">\n\t\t\t\t\t<div class=\"e-con-inner\">\n\t\t\t\t<div class=\"elementor-element elementor-element-42c693c elementor-widget elementor-widget-heading\" data-id=\"42c693c\" data-element_type=\"widget\" data-e-type=\"widget\" data-widget_type=\"heading.default\">\n\t\t\t\t<div class=\"elementor-widget-container\">\n\t\t\t\t\t<h2 class=\"elementor-heading-title elementor-size-default\">Inizia il tuo viaggio<\/h2>\t\t\t\t<\/div>\n\t\t\t\t<\/div>\n\t\t\t\t<div class=\"elementor-element elementor-element-a07676a elementor-widget elementor-widget-text-editor\" data-id=\"a07676a\" data-element_type=\"widget\" data-e-type=\"widget\" data-widget_type=\"text-editor.default\">\n\t\t\t\t<div class=\"elementor-widget-container\">\n\t\t\t\t\t\t\t\t\t<p>Indipendentemente dalla tua posizione nel mondo, ora puoi accedere a servizi completi di trapianto di capelli alle tariffe pi\u00f9 competitive in <a href=\"https:\/\/hairtrans.com\/it\/hair-transplantation-in-antalya-regain-your-self-con\/\">Adalia<\/a>, Turchia. Approfitta di pacchetti all-inclusive che garantiscono cure di prim&#039;ordine sotto la competenza del Dott. Mehmet Fatih Okyay. Fai il primo passo verso una rinnovata sicurezza: il tuo viaggio verso un eccezionale ripristino dei capelli inizia proprio qui ad Antalya, Turchia!<\/p>\t\t\t\t\t\t\t\t<\/div>\n\t\t\t\t<\/div>\n\t\t\t\t\t<\/div>\n\t\t\t\t<\/div>\n\t\t\t\t<\/div>","protected":false},"excerpt":{"rendered":"<p>Hair Transplant For Everyone Home Hair Transplant For Everyone\u200b Transform with Confidence: Inclusive Hair Restoration at Its Finest At Hair Trans Clinic, we provide gender-inclusive hair restoration services led by Dr. Mehmet Fatih Okyay. Our expert team offers personalized solutions for individuals of all genders, celebrating diversity on the path to renewed confidence. Hair Transplantation [&hellip;]<\/p>\n","protected":false},"author":1,"featured_media":0,"parent":0,"menu_order":0,"comment_status":"closed","ping_status":"closed","template":"","meta":{"site-sidebar-layout":"no-sidebar","site-content-layout":"","ast-site-content-layout":"full-width-container","site-content-style":"default","site-sidebar-style":"default","ast-global-header-display":"","ast-banner-title-visibility":"","ast-main-header-display":"","ast-hfb-above-header-display":"","ast-hfb-below-header-display":"","ast-hfb-mobile-header-display":"","site-post-title":"disabled","ast-breadcrumbs-content":"","ast-featured-img":"disabled","footer-sml-layout":"","ast-disable-related-posts":"","theme-transparent-header-meta":"","adv-header-id-meta":"","stick-header-meta":"","header-above-stick-meta":"","header-main-stick-meta":"","header-below-stick-meta":"","astra-migrate-meta-layouts":"default","ast-page-background-enabled":"default","ast-page-background-meta":{"desktop":{"background-color":"var(--ast-global-color-4)","background-image":"","background-repeat":"repeat","background-position":"center center","background-size":"auto","background-attachment":"scroll","background-type":"","background-media":"","overlay-type":"","overlay-color":"","overlay-opacity":"","overlay-gradient":""},"tablet":{"background-color":"","background-image":"","background-repeat":"repeat","background-position":"center center","background-size":"auto","background-attachment":"scroll","background-type":"","background-media":"","overlay-type":"","overlay-color":"","overlay-opacity":"","overlay-gradient":""},"mobile":{"background-color":"","background-image":"","background-repeat":"repeat","background-position":"center center","background-size":"auto","background-attachment":"scroll","background-type":"","background-media":"","overlay-type":"","overlay-color":"","overlay-opacity":"","overlay-gradient":""}},"ast-content-background-meta":{"desktop":{"background-color":"var(--ast-global-color-5)","background-image":"","background-repeat":"repeat","background-position":"center center","background-size":"auto","background-attachment":"scroll","background-type":"","background-media":"","overlay-type":"","overlay-color":"","overlay-opacity":"","overlay-gradient":""},"tablet":{"background-color":"var(--ast-global-color-5)","background-image":"","background-repeat":"repeat","background-position":"center center","background-size":"auto","background-attachment":"scroll","background-type":"","background-media":"","overlay-type":"","overlay-color":"","overlay-opacity":"","overlay-gradient":""},"mobile":{"background-color":"var(--ast-global-color-5)","background-image":"","background-repeat":"repeat","background-position":"center center","background-size":"auto","background-attachment":"scroll","background-type":"","background-media":"","overlay-type":"","overlay-color":"","overlay-opacity":"","overlay-gradient":""}},"footnotes":""},"class_list":["post-378","page","type-page","status-publish","hentry"],"_links":{"self":[{"href":"https:\/\/hairtrans.com\/it\/wp-json\/wp\/v2\/pages\/378","targetHints":{"allow":["GET"]}}],"collection":[{"href":"https:\/\/hairtrans.com\/it\/wp-json\/wp\/v2\/pages"}],"about":[{"href":"https:\/\/hairtrans.com\/it\/wp-json\/wp\/v2\/types\/page"}],"author":[{"embeddable":true,"href":"https:\/\/hairtrans.com\/it\/wp-json\/wp\/v2\/users\/1"}],"replies":[{"embeddable":true,"href":"https:\/\/hairtrans.com\/it\/wp-json\/wp\/v2\/comments?post=378"}],"version-history":[{"count":37,"href":"https:\/\/hairtrans.com\/it\/wp-json\/wp\/v2\/pages\/378\/revisions"}],"predecessor-version":[{"id":443,"href":"https:\/\/hairtrans.com\/it\/wp-json\/wp\/v2\/pages\/378\/revisions\/443"}],"wp:attachment":[{"href":"https:\/\/hairtrans.com\/it\/wp-json\/wp\/v2\/media?parent=378"}],"curies":[{"name":"parola chiave","href":"https:\/\/api.w.org\/{rel}","templated":true}]}}