{"id":378,"date":"2023-11-26T15:22:13","date_gmt":"2023-11-26T15:22:13","guid":{"rendered":"https:\/\/hairtrans.com\/?page_id=378"},"modified":"2024-02-26T10:01:36","modified_gmt":"2024-02-26T10:01:36","slug":"greffe-de-cheveux-pour-hommes-femmes-et-femmes-transgenres","status":"publish","type":"page","link":"https:\/\/hairtrans.com\/fr\/hair-transplant-for-male-female-and-transgender-womens\/","title":{"rendered":"greffe de cheveux pour hommes, femmes et femmes transgenres"},"content":{"rendered":"<div data-elementor-type=\"wp-page\" data-elementor-id=\"378\" class=\"elementor elementor-378\">\n\t\t\t\t<div class=\"elementor-element elementor-element-4555c899 e-flex e-con-boxed e-con e-parent\" data-id=\"4555c899\" data-element_type=\"container\" data-e-type=\"container\" data-settings=\"{&quot;background_background&quot;:&quot;classic&quot;}\">\n\t\t\t\t\t<div class=\"e-con-inner\">\n\t\t\t\t<div class=\"elementor-element elementor-element-111ad20d elementor-invisible elementor-widget elementor-widget-heading\" data-id=\"111ad20d\" data-element_type=\"widget\" data-e-type=\"widget\" data-settings=\"{&quot;_animation&quot;:&quot;fadeIn&quot;}\" data-widget_type=\"heading.default\">\n\t\t\t\t<div class=\"elementor-widget-container\">\n\t\t\t\t\t<h2 class=\"elementor-heading-title elementor-size-default\">Greffe de cheveux pour tous<\/h2>\t\t\t\t<\/div>\n\t\t\t\t<\/div>\n\t\t\t\t<div class=\"elementor-element elementor-element-4739f75c elementor-icon-list--layout-inline elementor-align-center elementor-list-item-link-full_width elementor-invisible elementor-widget elementor-widget-icon-list\" data-id=\"4739f75c\" data-element_type=\"widget\" data-e-type=\"widget\" data-settings=\"{&quot;_animation&quot;:&quot;fadeIn&quot;,&quot;_animation_delay&quot;:200}\" data-widget_type=\"icon-list.default\">\n\t\t\t\t<div class=\"elementor-widget-container\">\n\t\t\t\t\t\t\t<ul class=\"elementor-icon-list-items elementor-inline-items\">\n\t\t\t\t\t\t\t<li class=\"elementor-icon-list-item elementor-inline-item\">\n\t\t\t\t\t\t\t\t\t\t\t<a href=\"#\">\n\n\t\t\t\t\t\t\t\t\t\t\t<span class=\"elementor-icon-list-text\">Maison<\/span>\n\t\t\t\t\t\t\t\t\t\t\t<\/a>\n\t\t\t\t\t\t\t\t\t<\/li>\n\t\t\t\t\t\t\t\t<li class=\"elementor-icon-list-item elementor-inline-item\">\n\t\t\t\t\t\t\t\t\t\t\t<a href=\"https:\/\/hairtrans.com\/fr\/greffe-de-cheveux-pour-hommes-femmes-et-femmes-transgenres\/\">\n\n\t\t\t\t\t\t\t\t\t\t\t\t<span class=\"elementor-icon-list-icon\">\n\t\t\t\t\t\t\t<i aria-hidden=\"true\" class=\"icon icon-right-arrow\"><\/i>\t\t\t\t\t\t<\/span>\n\t\t\t\t\t\t\t\t\t\t<span class=\"elementor-icon-list-text\">Greffe de cheveux pour tous<\/span>\n\t\t\t\t\t\t\t\t\t\t\t<\/a>\n\t\t\t\t\t\t\t\t\t<\/li>\n\t\t\t\t\t\t<\/ul>\n\t\t\t\t\t\t<\/div>\n\t\t\t\t<\/div>\n\t\t<div class=\"elementor-element elementor-element-220a7e4d e-con-full e-flex elementor-invisible e-con e-child\" data-id=\"220a7e4d\" data-element_type=\"container\" data-e-type=\"container\" data-settings=\"{&quot;background_background&quot;:&quot;classic&quot;,&quot;animation&quot;:&quot;fadeIn&quot;,&quot;animation_delay&quot;:400}\">\n\t\t\t\t<div class=\"elementor-element elementor-element-2a32f70 elementor-widget elementor-widget-heading\" data-id=\"2a32f70\" data-element_type=\"widget\" data-e-type=\"widget\" data-widget_type=\"heading.default\">\n\t\t\t\t<div class=\"elementor-widget-container\">\n\t\t\t\t\t<h1 class=\"elementor-heading-title elementor-size-default\">Transformez en toute confiance\u00a0: <br> La restauration capillaire inclusive \u00e0 son meilleur<\/h1>\t\t\t\t<\/div>\n\t\t\t\t<\/div>\n\t\t\t\t<div class=\"elementor-element elementor-element-1754661 elementor-widget elementor-widget-text-editor\" data-id=\"1754661\" data-element_type=\"widget\" data-e-type=\"widget\" data-widget_type=\"text-editor.default\">\n\t\t\t\t<div class=\"elementor-widget-container\">\n\t\t\t\t\t\t\t\t\t<p>\u00c0 <a href=\"https:\/\/hairtrans.com\/fr\/\">Cheveux<\/a> \u00c0 Hair Trans Clinic, nous proposons des services de restauration capillaire non sexistes dirig\u00e9s par le Dr Mehmet Fatih Okyay. Notre \u00e9quipe d\u2019experts propose des solutions personnalis\u00e9es aux individus de tous genres, c\u00e9l\u00e9brant la diversit\u00e9 sur le chemin d\u2019une confiance renouvel\u00e9e.<\/p>\t\t\t\t\t\t\t\t<\/div>\n\t\t\t\t<\/div>\n\t\t\t\t<div class=\"elementor-element elementor-element-50bfc73b elementor-widget-divider--view-line elementor-widget elementor-widget-divider\" data-id=\"50bfc73b\" data-element_type=\"widget\" data-e-type=\"widget\" data-widget_type=\"divider.default\">\n\t\t\t\t<div class=\"elementor-widget-container\">\n\t\t\t\t\t\t\t<div class=\"elementor-divider\">\n\t\t\t<span class=\"elementor-divider-separator\">\n\t\t\t\t\t\t<\/span>\n\t\t<\/div>\n\t\t\t\t\t\t<\/div>\n\t\t\t\t<\/div>\n\t\t\t\t<\/div>\n\t\t\t\t\t<\/div>\n\t\t\t\t<\/div>\n\t\t<div class=\"elementor-element elementor-element-d63789d e-flex e-con-boxed e-con e-parent\" data-id=\"d63789d\" data-element_type=\"container\" data-e-type=\"container\">\n\t\t\t\t\t<div class=\"e-con-inner\">\n\t\t<div class=\"elementor-element elementor-element-176b64c e-flex e-con-boxed e-con e-child\" data-id=\"176b64c\" data-element_type=\"container\" data-e-type=\"container\">\n\t\t\t\t\t<div class=\"e-con-inner\">\n\t\t\t\t<div class=\"elementor-element elementor-element-103be5a elementor-widget elementor-widget-image\" data-id=\"103be5a\" data-element_type=\"widget\" data-e-type=\"widget\" data-widget_type=\"image.default\">\n\t\t\t\t<div class=\"elementor-widget-container\">\n\t\t\t\t\t\t\t\t\t\t\t\t\t\t\t<img fetchpriority=\"high\" decoding=\"async\" width=\"408\" height=\"612\" src=\"https:\/\/hairtrans.com\/wp-content\/uploads\/2023\/11\/male-hair-transplant.jpg\" class=\"attachment-large size-large wp-image-380\" alt=\"Description \u00e9ditoriale d\u00e9taill\u00e9e de l&#039;image repr\u00e9sentant un homme chauve les mains sur la t\u00eate. L&#039;image est analys\u00e9e selon les crit\u00e8res suivants\u00a0: appareil photo et optique, \u00e9clairage, anatomie et identit\u00e9, texture et aspect de la peau, v\u00eatements et accessoires, composition et arri\u00e8re-plan\u00a0: **Appareil photo et optique\u00a0:** L&#039;image semble avoir \u00e9t\u00e9 prise avec un t\u00e9l\u00e9objectif moyen, probablement de l&#039;ordre de 85\u00a0mm, id\u00e9al pour le portrait. Ce choix d&#039;objectif garantit une distorsion minimale et une nettet\u00e9 optimale sur les traits du visage. La qualit\u00e9 de l&#039;image sugg\u00e8re une capture haute r\u00e9solution, potentiellement en 8K, offrant des d\u00e9tails hyperr\u00e9alistes, notamment au niveau de la texture de la peau et des expressions faciales. La faible profondeur de champ isole le sujet de l&#039;arri\u00e8re-plan, soulignant son \u00e9tat \u00e9motionnel. **\u00c9clairage\u00a0:** L&#039;\u00e9clairage est caract\u00e9ris\u00e9 par une technique de lumi\u00e8re dure, cr\u00e9ant des ombres et des lumi\u00e8res distinctes. La source lumineuse semble provenir d&#039;un angle lat\u00e9ral, produisant des ombres marqu\u00e9es qui accentuent les contours du visage et de la t\u00eate du sujet. Cette technique accentue la tridimensionnalit\u00e9 du sujet, soulignant la structure de son visage, notamment ses pommettes et sa m\u00e2choire, tout en cr\u00e9ant des ombres profondes autour des yeux et du front. **Anatomie et identit\u00e9\u00a0:** Le sujet est un homme, saisi dans un moment de d\u00e9tresse ou de contemplation apparente. Sa posture, les mains pos\u00e9es sur la t\u00eate, traduit un sentiment de frustration ou d\u2019inqui\u00e9tude. Son physique para\u00eet moyen, sans d\u00e9finition musculaire exag\u00e9r\u00e9e ni contours corporels saillants. L\u2019attention se porte principalement sur son expression faciale et le haut de son corps, cadr\u00e9s de mani\u00e8re \u00e0 souligner son \u00e9tat \u00e9motionnel. **Texture et peau\u00a0:** La texture de la peau est captur\u00e9e avec une pr\u00e9cision m\u00e9ticuleuse, r\u00e9v\u00e9lant un fini mat avec de subtiles traces de s\u00e9bum ou d\u2019hydratation naturelle. Aucune gouttelette de s\u00e9bum n\u2019est visible, mais l\u2019\u00e9clairage accentue l\u2019\u00e9clat naturel de la peau, en particulier sur le front et les joues. L\u2019hyperr\u00e9alisme de l\u2019image r\u00e9v\u00e8le les ridules, les pores et la douceur du cuir chevelu, renfor\u00e7ant l\u2019authenticit\u00e9 du portrait. **V\u00eatements et accessoires\u00a0:** Le sujet porte un simple t-shirt blanc, probablement en coton doux et respirant. La simplicit\u00e9 de sa tenue permet de concentrer l\u2019attention sur son expression faciale et sa gestuelle. L\u2019absence d\u2019accessoires m\u00e9talliques ou de pi\u00e8ces m\u00e9talliques apparentes contribue \u00e0 une esth\u00e9tique minimaliste. **Composition et arri\u00e8re-plan\u00a0:** La composition centre le sujet sur un fond neutre et uni, probablement blanc ou gris clair. Ce choix \u00e9limine les distractions et focalise toute l\u2019attention sur le sujet. L\u2019atmosph\u00e8re de l\u2019image, \u00e0 la fois d\u00e9pouill\u00e9e et minimaliste, \u00e9voque un sentiment de vuln\u00e9rabilit\u00e9 et d\u2019introspection. L\u2019absence d\u2019\u00e9l\u00e9ments suppl\u00e9mentaires \u00e0 l\u2019arri\u00e8re-plan renforce la charge \u00e9motionnelle de l\u2019expression du sujet, cr\u00e9ant un r\u00e9cit visuel poignant et puissant.\" srcset=\"https:\/\/hairtrans.com\/wp-content\/uploads\/2023\/11\/male-hair-transplant.jpg.webp 408w, https:\/\/hairtrans.com\/wp-content\/uploads\/2023\/11\/male-hair-transplant-200x300.jpg.webp 200w\" sizes=\"(max-width: 408px) 100vw, 408px\" \/>\t\t\t\t\t\t\t\t\t\t\t\t\t\t\t<\/div>\n\t\t\t\t<\/div>\n\t\t\t\t<div class=\"elementor-element elementor-element-f0c5c95 elementor-widget elementor-widget-heading\" data-id=\"f0c5c95\" data-element_type=\"widget\" data-e-type=\"widget\" data-widget_type=\"heading.default\">\n\t\t\t\t<div class=\"elementor-widget-container\">\n\t\t\t\t\t<h2 class=\"elementor-heading-title elementor-size-default\">Greffe de cheveux pour hommes\u00a0: lib\u00e9rer la confiance et le style\n<\/h2>\t\t\t\t<\/div>\n\t\t\t\t<\/div>\n\t\t\t\t<div class=\"elementor-element elementor-element-c3a3398 elementor-widget elementor-widget-text-editor\" data-id=\"c3a3398\" data-element_type=\"widget\" data-e-type=\"widget\" data-widget_type=\"text-editor.default\">\n\t\t\t\t<div class=\"elementor-widget-container\">\n\t\t\t\t\t\t\t\t\t<p>La perte de cheveux peut avoir un impact profond sur l\u2019estime de soi et l\u2019apparence g\u00e9n\u00e9rale d\u2019un homme. Chez Hair Trans Clinic, nous comprenons l\u2019importance de reprendre confiance gr\u00e2ce \u00e0 une restauration capillaire efficace. Notre expert, le Dr Mehmet Fatih Okyay, est sp\u00e9cialis\u00e9 dans les techniques de pointe telles que l&#039;extraction d&#039;unit\u00e9s folliculaires (FUE) et la Sapphire FUE. Gr\u00e2ce \u00e0 notre approche inclusive et centr\u00e9e sur le patient, nous proposons des solutions personnalis\u00e9es pour lutter contre la calvitie masculine. Faites-nous confiance pour restaurer non seulement vos cheveux, mais aussi votre sens du style et votre confiance en vous.<\/p>\t\t\t\t\t\t\t\t<\/div>\n\t\t\t\t<\/div>\n\t\t\t\t<div class=\"elementor-element elementor-element-21405f4 elementor-widget elementor-widget-button\" data-id=\"21405f4\" data-element_type=\"widget\" data-e-type=\"widget\" data-widget_type=\"button.default\">\n\t\t\t\t<div class=\"elementor-widget-container\">\n\t\t\t\t\t\t\t\t\t<div class=\"elementor-button-wrapper\">\n\t\t\t\t\t<a class=\"elementor-button elementor-button-link elementor-size-sm\" href=\"#contactformemre\">\n\t\t\t\t\t\t<span class=\"elementor-button-content-wrapper\">\n\t\t\t\t\t\t\t\t\t<span class=\"elementor-button-text\">Commencer<\/span>\n\t\t\t\t\t<\/span>\n\t\t\t\t\t<\/a>\n\t\t\t\t<\/div>\n\t\t\t\t\t\t\t\t<\/div>\n\t\t\t\t<\/div>\n\t\t\t\t\t<\/div>\n\t\t\t\t<\/div>\n\t\t<div class=\"elementor-element elementor-element-96e8d29 e-flex e-con-boxed e-con e-child\" data-id=\"96e8d29\" data-element_type=\"container\" data-e-type=\"container\">\n\t\t\t\t\t<div class=\"e-con-inner\">\n\t\t\t\t<div class=\"elementor-element elementor-element-845d8da elementor-widget elementor-widget-image\" data-id=\"845d8da\" data-element_type=\"widget\" data-e-type=\"widget\" data-widget_type=\"image.default\">\n\t\t\t\t<div class=\"elementor-widget-container\">\n\t\t\t\t\t\t\t\t\t\t\t\t\t\t\t<img decoding=\"async\" width=\"408\" height=\"612\" src=\"https:\/\/hairtrans.com\/wp-content\/uploads\/2023\/11\/female-hair-transplant.jpg\" class=\"attachment-large size-large wp-image-381\" alt=\"Portrait hyperr\u00e9aliste en gros plan, d&#039;une r\u00e9solution 8K, r\u00e9alis\u00e9 dans un style \u00e9ditorial avec un objectif 85 mm. La composition, \u00e9pur\u00e9e et minimaliste, se d\u00e9tache sur un fond blanc contrast\u00e9. Le sujet est une jeune femme, le regard l\u00e9g\u00e8rement introspectif baiss\u00e9, tenant avec gr\u00e2ce une m\u00e8che de ses cheveux noirs. Son teint est parfait, sublim\u00e9 par un \u00e9clairage studio doux et diffus qui lui conf\u00e8re une luminosit\u00e9 mate naturelle, \u00e9vitant les ombres marqu\u00e9es et accentuant ainsi une esth\u00e9tique nette et clinique. Elle porte un haut blanc minimaliste sans bretelles, en coton fin et doux, qui contribue \u00e0 l&#039;atmosph\u00e8re pure et d\u00e9licate de l&#039;image. La mise au point est centr\u00e9e sur le visage et les cheveux, mettant en \u00e9vidence la calvitie et la texture du cuir chevelu avec une pr\u00e9cision chirurgicale, dans un style professionnel et empathique, id\u00e9al pour une documentation \u00e9ditoriale m\u00e9dico-esth\u00e9tique.\" srcset=\"https:\/\/hairtrans.com\/wp-content\/uploads\/2023\/11\/female-hair-transplant.jpg.webp 408w, https:\/\/hairtrans.com\/wp-content\/uploads\/2023\/11\/female-hair-transplant-200x300.jpg.webp 200w\" sizes=\"(max-width: 408px) 100vw, 408px\" \/>\t\t\t\t\t\t\t\t\t\t\t\t\t\t\t<\/div>\n\t\t\t\t<\/div>\n\t\t\t\t<div class=\"elementor-element elementor-element-152bf6f elementor-widget elementor-widget-heading\" data-id=\"152bf6f\" data-element_type=\"widget\" data-e-type=\"widget\" data-widget_type=\"heading.default\">\n\t\t\t\t<div class=\"elementor-widget-container\">\n\t\t\t\t\t<h2 class=\"elementor-heading-title elementor-size-default\">Autonomiser les femmes gr\u00e2ce \u00e0 la greffe de cheveux\u00a0: embrassez votre beaut\u00e9 naturelle<\/h2>\t\t\t\t<\/div>\n\t\t\t\t<\/div>\n\t\t\t\t<div class=\"elementor-element elementor-element-1339b49 elementor-widget elementor-widget-text-editor\" data-id=\"1339b49\" data-element_type=\"widget\" data-e-type=\"widget\" data-widget_type=\"text-editor.default\">\n\t\t\t\t<div class=\"elementor-widget-container\">\n\t\t\t\t\t\t\t\t\t<p>La perte de cheveux n\u2019est pas exclusive aux hommes ; les femmes aussi peuvent en subir les cons\u00e9quences \u00e9motionnelles. Hair Trans Clinic, sous l&#039;expertise du Dr Mehmet Fatih Okyay, reconna\u00eet les d\u00e9fis uniques auxquels les femmes sont confront\u00e9es en cas de perte de cheveux ou de calvitie. Nos techniques avanc\u00e9es de greffe de cheveux, y compris Sapphire FUE, sont con\u00e7ues pour restaurer et am\u00e9liorer votre beaut\u00e9 naturelle. Avec un engagement envers le bien-\u00eatre des patients, nous nous concentrons non seulement sur la restauration capillaire, mais \u00e9galement sur l\u2019autonomisation des femmes pour qu\u2019elles s\u2019acceptent authentiquement.<\/p>\t\t\t\t\t\t\t\t<\/div>\n\t\t\t\t<\/div>\n\t\t\t\t<div class=\"elementor-element elementor-element-29527e7 elementor-widget elementor-widget-button\" data-id=\"29527e7\" data-element_type=\"widget\" data-e-type=\"widget\" data-widget_type=\"button.default\">\n\t\t\t\t<div class=\"elementor-widget-container\">\n\t\t\t\t\t\t\t\t\t<div class=\"elementor-button-wrapper\">\n\t\t\t\t\t<a class=\"elementor-button elementor-button-link elementor-size-sm\" href=\"#contactformemre\">\n\t\t\t\t\t\t<span class=\"elementor-button-content-wrapper\">\n\t\t\t\t\t\t\t\t\t<span class=\"elementor-button-text\">Commencer<\/span>\n\t\t\t\t\t<\/span>\n\t\t\t\t\t<\/a>\n\t\t\t\t<\/div>\n\t\t\t\t\t\t\t\t<\/div>\n\t\t\t\t<\/div>\n\t\t\t\t\t<\/div>\n\t\t\t\t<\/div>\n\t\t<div class=\"elementor-element elementor-element-b7ca4b6 e-flex e-con-boxed e-con e-child\" data-id=\"b7ca4b6\" data-element_type=\"container\" data-e-type=\"container\">\n\t\t\t\t\t<div class=\"e-con-inner\">\n\t\t\t\t<div class=\"elementor-element elementor-element-680745f elementor-widget elementor-widget-image\" data-id=\"680745f\" data-element_type=\"widget\" data-e-type=\"widget\" data-widget_type=\"image.default\">\n\t\t\t\t<div class=\"elementor-widget-container\">\n\t\t\t\t\t\t\t\t\t\t\t\t\t\t\t<img decoding=\"async\" width=\"408\" height=\"612\" src=\"https:\/\/hairtrans.com\/wp-content\/uploads\/2023\/11\/transgender-hair-transplant.jpg\" class=\"attachment-large size-large wp-image-382\" alt=\"Captur\u00e9 avec la pr\u00e9cision chirurgicale d&#039;un objectif fixe de 85 mm, ce portrait hyperr\u00e9aliste pr\u00e9sente une \u00e9tude haute r\u00e9solution 8K d&#039;une femme transgenre dans un studio professionnel \u00e9clair\u00e9. La lumi\u00e8re douce et diffuse cr\u00e9e un teint uniforme et net qui accentue les traits structur\u00e9s du visage, le regard franc et la posture sereine et assur\u00e9e du sujet. Sa peau affiche une luminosit\u00e9 naturelle et saine, captur\u00e9e avec une texture fine et des d\u00e9tails subtils et r\u00e9alistes. Elle porte un simple d\u00e9bardeur blanc en coton, minimaliste et neutre, qui attire imm\u00e9diatement le regard sur son apparence. La composition est un portrait classique, en plan buste, sur un fond gris uni et discret, \u00e9voquant une atmosph\u00e8re sophistiqu\u00e9e et \u00e9ditoriale qui souligne \u00e0 la fois l&#039;identit\u00e9 et la clart\u00e9 de l&#039;individualit\u00e9.\" srcset=\"https:\/\/hairtrans.com\/wp-content\/uploads\/2023\/11\/transgender-hair-transplant.jpg.webp 408w, https:\/\/hairtrans.com\/wp-content\/uploads\/2023\/11\/transgender-hair-transplant-200x300.jpg.webp 200w\" sizes=\"(max-width: 408px) 100vw, 408px\" \/>\t\t\t\t\t\t\t\t\t\t\t\t\t\t\t<\/div>\n\t\t\t\t<\/div>\n\t\t\t\t<div class=\"elementor-element elementor-element-06a6aed elementor-widget elementor-widget-heading\" data-id=\"06a6aed\" data-element_type=\"widget\" data-e-type=\"widget\" data-widget_type=\"heading.default\">\n\t\t\t\t<div class=\"elementor-widget-container\">\n\t\t\t\t\t<h2 class=\"elementor-heading-title elementor-size-default\">Greffe de cheveux pour les femmes trans : un voyage vers l&#039;expression de soi\n\n<\/h2>\t\t\t\t<\/div>\n\t\t\t\t<\/div>\n\t\t\t\t<div class=\"elementor-element elementor-element-03459bb elementor-widget elementor-widget-text-editor\" data-id=\"03459bb\" data-element_type=\"widget\" data-e-type=\"widget\" data-widget_type=\"text-editor.default\">\n\t\t\t\t<div class=\"elementor-widget-container\">\n\t\t\t\t\t\t\t\t\t<p>Chez Hair Trans Clinic, nous c\u00e9l\u00e9brons la diversit\u00e9 et l\u2019inclusivit\u00e9. Reconnaissant que tout le monde m\u00e9rite d\u2019avoir confiance en son apparence, nous sommes fiers d\u2019offrir des services de greffe de cheveux aux femmes trans. L&#039;expertise du Dr Mehmet Fatih Okyay en extraction d&#039;unit\u00e9s folliculaires (FUE) et Sapphire FUE garantit une exp\u00e9rience personnalis\u00e9e et affirm\u00e9e. Notre clinique n&#039;est pas seulement respectueuse des cheveux ; c&#039;est LGBTQ+ friendly. Nous comprenons l&#039;importance de l&#039;expression de soi et notre \u00e9quipe se consacre \u00e0 aider les femmes trans \u00e0 obtenir le look souhait\u00e9 avec compassion et compr\u00e9hension.<\/p>\t\t\t\t\t\t\t\t<\/div>\n\t\t\t\t<\/div>\n\t\t\t\t<div class=\"elementor-element elementor-element-1fd7438 elementor-widget elementor-widget-button\" data-id=\"1fd7438\" data-element_type=\"widget\" data-e-type=\"widget\" data-widget_type=\"button.default\">\n\t\t\t\t<div class=\"elementor-widget-container\">\n\t\t\t\t\t\t\t\t\t<div class=\"elementor-button-wrapper\">\n\t\t\t\t\t<a class=\"elementor-button elementor-button-link elementor-size-sm\" href=\"#contactformemre\">\n\t\t\t\t\t\t<span class=\"elementor-button-content-wrapper\">\n\t\t\t\t\t\t\t\t\t<span class=\"elementor-button-text\">Commencer<\/span>\n\t\t\t\t\t<\/span>\n\t\t\t\t\t<\/a>\n\t\t\t\t<\/div>\n\t\t\t\t\t\t\t\t<\/div>\n\t\t\t\t<\/div>\n\t\t\t\t\t<\/div>\n\t\t\t\t<\/div>\n\t\t\t\t\t<\/div>\n\t\t\t\t<\/div>\n\t\t<div class=\"elementor-element elementor-element-9aa5266 e-flex e-con-boxed e-con e-parent\" data-id=\"9aa5266\" data-element_type=\"container\" data-e-type=\"container\">\n\t\t\t\t\t<div class=\"e-con-inner\">\n\t\t\t\t<div class=\"elementor-element elementor-element-42c693c elementor-widget elementor-widget-heading\" data-id=\"42c693c\" data-element_type=\"widget\" data-e-type=\"widget\" data-widget_type=\"heading.default\">\n\t\t\t\t<div class=\"elementor-widget-container\">\n\t\t\t\t\t<h2 class=\"elementor-heading-title elementor-size-default\">Commencez votre voyage<\/h2>\t\t\t\t<\/div>\n\t\t\t\t<\/div>\n\t\t\t\t<div class=\"elementor-element elementor-element-a07676a elementor-widget elementor-widget-text-editor\" data-id=\"a07676a\" data-element_type=\"widget\" data-e-type=\"widget\" data-widget_type=\"text-editor.default\">\n\t\t\t\t<div class=\"elementor-widget-container\">\n\t\t\t\t\t\t\t\t\t<p>Quelle que soit votre situation g\u00e9ographique dans le monde, vous pouvez d\u00e9sormais acc\u00e9der \u00e0 des services complets de greffe de cheveux aux tarifs les plus comp\u00e9titifs. <a href=\"https:\/\/hairtrans.com\/fr\/hair-transplantation-in-antalya-regain-your-self-con\/\">Antalya<\/a>, Turquie. B\u00e9n\u00e9ficiez de forfaits tout compris qui garantissent des soins de premier ordre sous l&#039;expertise du Dr Mehmet Fatih Okyay. Faites le premier pas vers une confiance renouvel\u00e9e : votre voyage vers une restauration capillaire exceptionnelle commence ici m\u00eame \u00e0 Antalya, en Turquie !<\/p>\t\t\t\t\t\t\t\t<\/div>\n\t\t\t\t<\/div>\n\t\t\t\t\t<\/div>\n\t\t\t\t<\/div>\n\t\t\t\t<\/div>","protected":false},"excerpt":{"rendered":"<p>Hair Transplant For Everyone Home Hair Transplant For Everyone\u200b Transform with Confidence: Inclusive Hair Restoration at Its Finest At Hair Trans Clinic, we provide gender-inclusive hair restoration services led by Dr. Mehmet Fatih Okyay. Our expert team offers personalized solutions for individuals of all genders, celebrating diversity on the path to renewed confidence. Hair Transplantation [&hellip;]<\/p>\n","protected":false},"author":1,"featured_media":0,"parent":0,"menu_order":0,"comment_status":"closed","ping_status":"closed","template":"","meta":{"site-sidebar-layout":"no-sidebar","site-content-layout":"","ast-site-content-layout":"full-width-container","site-content-style":"default","site-sidebar-style":"default","ast-global-header-display":"","ast-banner-title-visibility":"","ast-main-header-display":"","ast-hfb-above-header-display":"","ast-hfb-below-header-display":"","ast-hfb-mobile-header-display":"","site-post-title":"disabled","ast-breadcrumbs-content":"","ast-featured-img":"disabled","footer-sml-layout":"","ast-disable-related-posts":"","theme-transparent-header-meta":"","adv-header-id-meta":"","stick-header-meta":"","header-above-stick-meta":"","header-main-stick-meta":"","header-below-stick-meta":"","astra-migrate-meta-layouts":"default","ast-page-background-enabled":"default","ast-page-background-meta":{"desktop":{"background-color":"var(--ast-global-color-4)","background-image":"","background-repeat":"repeat","background-position":"center center","background-size":"auto","background-attachment":"scroll","background-type":"","background-media":"","overlay-type":"","overlay-color":"","overlay-opacity":"","overlay-gradient":""},"tablet":{"background-color":"","background-image":"","background-repeat":"repeat","background-position":"center center","background-size":"auto","background-attachment":"scroll","background-type":"","background-media":"","overlay-type":"","overlay-color":"","overlay-opacity":"","overlay-gradient":""},"mobile":{"background-color":"","background-image":"","background-repeat":"repeat","background-position":"center center","background-size":"auto","background-attachment":"scroll","background-type":"","background-media":"","overlay-type":"","overlay-color":"","overlay-opacity":"","overlay-gradient":""}},"ast-content-background-meta":{"desktop":{"background-color":"var(--ast-global-color-5)","background-image":"","background-repeat":"repeat","background-position":"center center","background-size":"auto","background-attachment":"scroll","background-type":"","background-media":"","overlay-type":"","overlay-color":"","overlay-opacity":"","overlay-gradient":""},"tablet":{"background-color":"var(--ast-global-color-5)","background-image":"","background-repeat":"repeat","background-position":"center center","background-size":"auto","background-attachment":"scroll","background-type":"","background-media":"","overlay-type":"","overlay-color":"","overlay-opacity":"","overlay-gradient":""},"mobile":{"background-color":"var(--ast-global-color-5)","background-image":"","background-repeat":"repeat","background-position":"center center","background-size":"auto","background-attachment":"scroll","background-type":"","background-media":"","overlay-type":"","overlay-color":"","overlay-opacity":"","overlay-gradient":""}},"footnotes":""},"class_list":["post-378","page","type-page","status-publish","hentry"],"_links":{"self":[{"href":"https:\/\/hairtrans.com\/fr\/wp-json\/wp\/v2\/pages\/378","targetHints":{"allow":["GET"]}}],"collection":[{"href":"https:\/\/hairtrans.com\/fr\/wp-json\/wp\/v2\/pages"}],"about":[{"href":"https:\/\/hairtrans.com\/fr\/wp-json\/wp\/v2\/types\/page"}],"author":[{"embeddable":true,"href":"https:\/\/hairtrans.com\/fr\/wp-json\/wp\/v2\/users\/1"}],"replies":[{"embeddable":true,"href":"https:\/\/hairtrans.com\/fr\/wp-json\/wp\/v2\/comments?post=378"}],"version-history":[{"count":37,"href":"https:\/\/hairtrans.com\/fr\/wp-json\/wp\/v2\/pages\/378\/revisions"}],"predecessor-version":[{"id":443,"href":"https:\/\/hairtrans.com\/fr\/wp-json\/wp\/v2\/pages\/378\/revisions\/443"}],"wp:attachment":[{"href":"https:\/\/hairtrans.com\/fr\/wp-json\/wp\/v2\/media?parent=378"}],"curies":[{"name":"wp","href":"https:\/\/api.w.org\/{rel}","templated":true}]}}