{"id":3,"date":"2023-11-14T15:09:42","date_gmt":"2023-11-14T15:09:42","guid":{"rendered":"https:\/\/hairtrans.com\/?page_id=3"},"modified":"2024-02-26T10:00:59","modified_gmt":"2024-02-26T10:00:59","slug":"politique-de-confidentialite","status":"publish","type":"page","link":"https:\/\/hairtrans.com\/fr\/privacy-policy\/","title":{"rendered":"politique de confidentialit\u00e9"},"content":{"rendered":"<p>Politique de confidentialit\u00e9 pour <a href=\"https:\/\/hairtrans.com\/fr\/\">Cheveux<\/a> Trans<\/p>\n\n\n\n<p>Derni\u00e8re mise \u00e0 jour : 26\/02\/2024<\/p>\n\n\n\n<p>Votre s\u00e9curit\u00e9 est importante pour nous. Pour cette raison, les donn\u00e9es personnelles que vous partagez avec nous sont prot\u00e9g\u00e9es de mani\u00e8re sensible.<\/p>\n\n\n\n<p>Nous, Hair Trans, en tant que responsable du traitement des donn\u00e9es, avec cette politique de confidentialit\u00e9 et de protection des donn\u00e9es personnelles, Lesquelles de vos donn\u00e9es personnelles seront trait\u00e9es dans quel but, avec qui et pourquoi les donn\u00e9es trait\u00e9es peuvent \u00eatre partag\u00e9es, Avec notre m\u00e9thode de traitement des donn\u00e9es et nos raisons juridiques ; Quels sont vos droits concernant vos donn\u00e9es trait\u00e9es ? Nous souhaitons vous \u00e9clairer sur le sujet.<\/p>\n\n\n\n<h2 class=\"wp-block-heading\">Vos donn\u00e9es personnelles collect\u00e9es, m\u00e9thode de collecte et raison juridique<\/h2>\n\n\n\n<p>Votre adresse IP et les informations de votre agent utilisateur sont utilis\u00e9es uniquement \u00e0 des fins d&#039;analyse et de cookies, etc. via des technologies, des m\u00e9thodes automatis\u00e9es ou non, et parfois des fournisseurs d&#039;analyse, obtenues aupr\u00e8s de tiers tels que des r\u00e9seaux publicitaires, des fournisseurs d&#039;informations de recherche, des fournisseurs de technologie, par l&#039;enregistrement, le stockage et la mise \u00e0 jour, dans le cadre et la dur\u00e9e du service et de la relation contractuelle entre nous, seront trait\u00e9s sur la base de la condition de traitement de l&#039;int\u00e9r\u00eat l\u00e9gitime.<\/p>\n\n\n\n<h2 class=\"wp-block-heading\">Finalit\u00e9 du traitement de vos donn\u00e9es personnelles<\/h2>\n\n\n\n<p>Les donn\u00e9es personnelles que vous partagez avec nous ne sont disponibles que par analyse\u00a0; services que nous proposons Pour r\u00e9pondre au mieux aux exigences et garantir que vous puissiez acc\u00e9der \u00e0 ces services. et pour que vous puissiez en b\u00e9n\u00e9ficier au maximum, nous vous proposons nos services en ad\u00e9quation avec vos besoins. d\u00e9velopper et vous proposer une gamme plus large de prestataires de services dans des cadres l\u00e9gaux. r\u00e9union et obligations d\u00e9coulant de la loi (partage des donn\u00e9es personnelles avec les autorit\u00e9s judiciaires et administratives sur demande) Afin d&#039;\u00eatre remplies, de mani\u00e8re cibl\u00e9e et mesur\u00e9e tout au long du contrat et de la prestation. sera trait\u00e9 et mis \u00e0 jour.<\/p>\n\n\n\n<h2 class=\"wp-block-heading\">\u00c0 qui et \u00e0 quelles fins les donn\u00e9es personnelles collect\u00e9es peuvent \u00eatre transf\u00e9r\u00e9es<\/h2>\n\n\n\n<p>Vos donn\u00e9es personnelles que vous partagez avec nous\u00a0; Nous recevons des services pour mener \u00e0 bien nos activit\u00e9s et\/ou Nous fournissons, entretenons des relations contractuelles avec, coop\u00e9rons avec des services techniques et administratifs nationaux et internationaux n\u00e9cessaires \u00e0 des tiers, des institutions et des organisations et, sur demande, \u00e0 des autorit\u00e9s judiciaires et administratives. Il peut \u00eatre transf\u00e9r\u00e9 \u00e0 condition de prendre des pr\u00e9cautions.<\/p>\n\n\n\n<h2 class=\"wp-block-heading\">Vos droits en tant que personne dont les donn\u00e9es personnelles sont trait\u00e9es<\/h2>\n\n\n\n<p>Conform\u00e9ment \u00e0 l&#039;article 11 du KVKK, toute personne peut exercer les droits suivants en s&#039;adressant au responsable du traitement :<\/p>\n\n\n\n<ol class=\"wp-block-list\" style=\"list-style-type:lower-alpha\">\n<li>Savoir si des donn\u00e9es personnelles sont trait\u00e9es,<\/li>\n\n\n\n<li>Demander des informations si des donn\u00e9es personnelles ont \u00e9t\u00e9 trait\u00e9es,<\/li>\n\n\n\n<li>Conna\u00eetre la finalit\u00e9 du traitement des donn\u00e9es personnelles et si elles sont utilis\u00e9es aux fins pr\u00e9vues,<\/li>\n\n\n\n<li>Conna\u00eetre les tiers auxquels les donn\u00e9es personnelles sont transf\u00e9r\u00e9es en Suisse ou \u00e0 l&#039;\u00e9tranger,<\/li>\n\n\n\n<li>Demander la rectification des donn\u00e9es personnelles si elles sont incompl\u00e8tes ou mal trait\u00e9es,<\/li>\n\n\n\n<li>Demander la suppression ou la destruction de donn\u00e9es personnelles,<\/li>\n\n\n\n<li>Demander que les transactions effectu\u00e9es conform\u00e9ment aux clauses (e) et (f) soient notifi\u00e9es aux tiers auxquels les donn\u00e9es personnelles sont transf\u00e9r\u00e9es,<\/li>\n\n\n\n<li>S&#039;opposer \u00e0 l&#039;apparition d&#039;un r\u00e9sultat \u00e0 l&#039;encontre de l&#039;individu en analysant les donn\u00e9es trait\u00e9es exclusivement au moyen de syst\u00e8mes automatiques,<\/li>\n\n\n\n<li>Il a le droit de demander r\u00e9paration du pr\u00e9judice en cas de dommage d\u00fb au traitement illicite de donn\u00e9es personnelles.<\/li>\n<\/ol>\n\n\n\n<p>Pour exercer vos droits \u00e9num\u00e9r\u00e9s ci-dessus, vous pouvez nous contacter via info@hairtrans.com.<\/p>\n\n\n\n<h2 class=\"wp-block-heading\">Contact<\/h2>\n\n\n\n<p>Afin d&#039;effectuer des analyses dans le but de vous fournir un service, seules vos donn\u00e9es personnelles n\u00e9cessaires, Que ce soit pour accepter ou refuser le traitement des donn\u00e9es personnelles conform\u00e9ment \u00e0 cette politique de confidentialit\u00e9 et de traitement des donn\u00e9es personnelles, vous \u00eates totalement libre. Si vous continuez \u00e0 utiliser le site, nous acceptons que vous Pour des informations plus d\u00e9taill\u00e9es, veuillez nous contacter \u00e0 info@hairtrans.com. N&#039;h\u00e9sitez pas \u00e0 passer.<\/p>\n\n\n\n<p><\/p>","protected":false},"excerpt":{"rendered":"<p>Privacy Policy for Hair Trans Last updated: 26\/02\/2024 Your safety is important to us. For this reason, the personal data you share with us is protected sensitively. We, Hair Trans, as the data controller, with this privacy and personal data protection policy, Which of your personal data will be processed for what purpose, with whom [&hellip;]<\/p>\n","protected":false},"author":1,"featured_media":0,"parent":0,"menu_order":0,"comment_status":"closed","ping_status":"open","template":"","meta":{"site-sidebar-layout":"default","site-content-layout":"","ast-site-content-layout":"default","site-content-style":"default","site-sidebar-style":"default","ast-global-header-display":"","ast-banner-title-visibility":"","ast-main-header-display":"","ast-hfb-above-header-display":"","ast-hfb-below-header-display":"","ast-hfb-mobile-header-display":"","site-post-title":"","ast-breadcrumbs-content":"","ast-featured-img":"","footer-sml-layout":"","ast-disable-related-posts":"","theme-transparent-header-meta":"","adv-header-id-meta":"","stick-header-meta":"","header-above-stick-meta":"","header-main-stick-meta":"","header-below-stick-meta":"","astra-migrate-meta-layouts":"default","ast-page-background-enabled":"default","ast-page-background-meta":{"desktop":{"background-color":"var(--ast-global-color-4)","background-image":"","background-repeat":"repeat","background-position":"center center","background-size":"auto","background-attachment":"scroll","background-type":"","background-media":"","overlay-type":"","overlay-color":"","overlay-opacity":"","overlay-gradient":""},"tablet":{"background-color":"","background-image":"","background-repeat":"repeat","background-position":"center center","background-size":"auto","background-attachment":"scroll","background-type":"","background-media":"","overlay-type":"","overlay-color":"","overlay-opacity":"","overlay-gradient":""},"mobile":{"background-color":"","background-image":"","background-repeat":"repeat","background-position":"center center","background-size":"auto","background-attachment":"scroll","background-type":"","background-media":"","overlay-type":"","overlay-color":"","overlay-opacity":"","overlay-gradient":""}},"ast-content-background-meta":{"desktop":{"background-color":"var(--ast-global-color-5)","background-image":"","background-repeat":"repeat","background-position":"center center","background-size":"auto","background-attachment":"scroll","background-type":"","background-media":"","overlay-type":"","overlay-color":"","overlay-opacity":"","overlay-gradient":""},"tablet":{"background-color":"var(--ast-global-color-5)","background-image":"","background-repeat":"repeat","background-position":"center center","background-size":"auto","background-attachment":"scroll","background-type":"","background-media":"","overlay-type":"","overlay-color":"","overlay-opacity":"","overlay-gradient":""},"mobile":{"background-color":"var(--ast-global-color-5)","background-image":"","background-repeat":"repeat","background-position":"center center","background-size":"auto","background-attachment":"scroll","background-type":"","background-media":"","overlay-type":"","overlay-color":"","overlay-opacity":"","overlay-gradient":""}},"footnotes":""},"class_list":["post-3","page","type-page","status-publish","hentry"],"_links":{"self":[{"href":"https:\/\/hairtrans.com\/fr\/wp-json\/wp\/v2\/pages\/3","targetHints":{"allow":["GET"]}}],"collection":[{"href":"https:\/\/hairtrans.com\/fr\/wp-json\/wp\/v2\/pages"}],"about":[{"href":"https:\/\/hairtrans.com\/fr\/wp-json\/wp\/v2\/types\/page"}],"author":[{"embeddable":true,"href":"https:\/\/hairtrans.com\/fr\/wp-json\/wp\/v2\/users\/1"}],"replies":[{"embeddable":true,"href":"https:\/\/hairtrans.com\/fr\/wp-json\/wp\/v2\/comments?post=3"}],"version-history":[{"count":2,"href":"https:\/\/hairtrans.com\/fr\/wp-json\/wp\/v2\/pages\/3\/revisions"}],"predecessor-version":[{"id":989,"href":"https:\/\/hairtrans.com\/fr\/wp-json\/wp\/v2\/pages\/3\/revisions\/989"}],"wp:attachment":[{"href":"https:\/\/hairtrans.com\/fr\/wp-json\/wp\/v2\/media?parent=3"}],"curies":[{"name":"wp","href":"https:\/\/api.w.org\/{rel}","templated":true}]}}