{"id":378,"date":"2023-11-26T15:22:13","date_gmt":"2023-11-26T15:22:13","guid":{"rendered":"https:\/\/hairtrans.com\/?page_id=378"},"modified":"2024-02-26T10:01:36","modified_gmt":"2024-02-26T10:01:36","slug":"trasplante-de-cabello-para-hombres-mujeres-y-mujeres-transgenero","status":"publish","type":"page","link":"https:\/\/hairtrans.com\/es\/hair-transplant-for-male-female-and-transgender-womens\/","title":{"rendered":"Trasplante de cabello para hombres, mujeres y mujeres transg\u00e9nero."},"content":{"rendered":"<div data-elementor-type=\"wp-page\" data-elementor-id=\"378\" class=\"elementor elementor-378\">\n\t\t\t\t<div class=\"elementor-element elementor-element-4555c899 e-flex e-con-boxed e-con e-parent\" data-id=\"4555c899\" data-element_type=\"container\" data-e-type=\"container\" data-settings=\"{&quot;background_background&quot;:&quot;classic&quot;}\">\n\t\t\t\t\t<div class=\"e-con-inner\">\n\t\t\t\t<div class=\"elementor-element elementor-element-111ad20d elementor-invisible elementor-widget elementor-widget-heading\" data-id=\"111ad20d\" data-element_type=\"widget\" data-e-type=\"widget\" data-settings=\"{&quot;_animation&quot;:&quot;fadeIn&quot;}\" data-widget_type=\"heading.default\">\n\t\t\t\t<div class=\"elementor-widget-container\">\n\t\t\t\t\t<h2 class=\"elementor-heading-title elementor-size-default\">Trasplante de cabello para todos<\/h2>\t\t\t\t<\/div>\n\t\t\t\t<\/div>\n\t\t\t\t<div class=\"elementor-element elementor-element-4739f75c elementor-icon-list--layout-inline elementor-align-center elementor-list-item-link-full_width elementor-invisible elementor-widget elementor-widget-icon-list\" data-id=\"4739f75c\" data-element_type=\"widget\" data-e-type=\"widget\" data-settings=\"{&quot;_animation&quot;:&quot;fadeIn&quot;,&quot;_animation_delay&quot;:200}\" data-widget_type=\"icon-list.default\">\n\t\t\t\t<div class=\"elementor-widget-container\">\n\t\t\t\t\t\t\t<ul class=\"elementor-icon-list-items elementor-inline-items\">\n\t\t\t\t\t\t\t<li class=\"elementor-icon-list-item elementor-inline-item\">\n\t\t\t\t\t\t\t\t\t\t\t<a href=\"#\">\n\n\t\t\t\t\t\t\t\t\t\t\t<span class=\"elementor-icon-list-text\">Hogar<\/span>\n\t\t\t\t\t\t\t\t\t\t\t<\/a>\n\t\t\t\t\t\t\t\t\t<\/li>\n\t\t\t\t\t\t\t\t<li class=\"elementor-icon-list-item elementor-inline-item\">\n\t\t\t\t\t\t\t\t\t\t\t<a href=\"https:\/\/hairtrans.com\/es\/trasplante-de-cabello-para-hombres-mujeres-y-mujeres-transgenero\/\">\n\n\t\t\t\t\t\t\t\t\t\t\t\t<span class=\"elementor-icon-list-icon\">\n\t\t\t\t\t\t\t<i aria-hidden=\"true\" class=\"icon icon-right-arrow\"><\/i>\t\t\t\t\t\t<\/span>\n\t\t\t\t\t\t\t\t\t\t<span class=\"elementor-icon-list-text\">Trasplante de cabello para todos<\/span>\n\t\t\t\t\t\t\t\t\t\t\t<\/a>\n\t\t\t\t\t\t\t\t\t<\/li>\n\t\t\t\t\t\t<\/ul>\n\t\t\t\t\t\t<\/div>\n\t\t\t\t<\/div>\n\t\t<div class=\"elementor-element elementor-element-220a7e4d e-con-full e-flex elementor-invisible e-con e-child\" data-id=\"220a7e4d\" data-element_type=\"container\" data-e-type=\"container\" data-settings=\"{&quot;background_background&quot;:&quot;classic&quot;,&quot;animation&quot;:&quot;fadeIn&quot;,&quot;animation_delay&quot;:400}\">\n\t\t\t\t<div class=\"elementor-element elementor-element-2a32f70 elementor-widget elementor-widget-heading\" data-id=\"2a32f70\" data-element_type=\"widget\" data-e-type=\"widget\" data-widget_type=\"heading.default\">\n\t\t\t\t<div class=\"elementor-widget-container\">\n\t\t\t\t\t<h1 class=\"elementor-heading-title elementor-size-default\">Transforme con confianza: <br> Restauraci\u00f3n capilar inclusiva en su m\u00e1xima expresi\u00f3n<\/h1>\t\t\t\t<\/div>\n\t\t\t\t<\/div>\n\t\t\t\t<div class=\"elementor-element elementor-element-1754661 elementor-widget elementor-widget-text-editor\" data-id=\"1754661\" data-element_type=\"widget\" data-e-type=\"widget\" data-widget_type=\"text-editor.default\">\n\t\t\t\t<div class=\"elementor-widget-container\">\n\t\t\t\t\t\t\t\t\t<p>En <a href=\"https:\/\/hairtrans.com\/es\/\">Cabello<\/a> Trans Clinic, brindamos servicios de restauraci\u00f3n capilar con inclusi\u00f3n de g\u00e9nero dirigidos por el Dr. Mehmet Fatih Okyay. Nuestro equipo de expertos ofrece soluciones personalizadas para personas de todos los g\u00e9neros, celebrando la diversidad en el camino hacia una confianza renovada.<\/p>\t\t\t\t\t\t\t\t<\/div>\n\t\t\t\t<\/div>\n\t\t\t\t<div class=\"elementor-element elementor-element-50bfc73b elementor-widget-divider--view-line elementor-widget elementor-widget-divider\" data-id=\"50bfc73b\" data-element_type=\"widget\" data-e-type=\"widget\" data-widget_type=\"divider.default\">\n\t\t\t\t<div class=\"elementor-widget-container\">\n\t\t\t\t\t\t\t<div class=\"elementor-divider\">\n\t\t\t<span class=\"elementor-divider-separator\">\n\t\t\t\t\t\t<\/span>\n\t\t<\/div>\n\t\t\t\t\t\t<\/div>\n\t\t\t\t<\/div>\n\t\t\t\t<\/div>\n\t\t\t\t\t<\/div>\n\t\t\t\t<\/div>\n\t\t<div class=\"elementor-element elementor-element-d63789d e-flex e-con-boxed e-con e-parent\" data-id=\"d63789d\" data-element_type=\"container\" data-e-type=\"container\">\n\t\t\t\t\t<div class=\"e-con-inner\">\n\t\t<div class=\"elementor-element elementor-element-176b64c e-flex e-con-boxed e-con e-child\" data-id=\"176b64c\" data-element_type=\"container\" data-e-type=\"container\">\n\t\t\t\t\t<div class=\"e-con-inner\">\n\t\t\t\t<div class=\"elementor-element elementor-element-103be5a elementor-widget elementor-widget-image\" data-id=\"103be5a\" data-element_type=\"widget\" data-e-type=\"widget\" data-widget_type=\"image.default\">\n\t\t\t\t<div class=\"elementor-widget-container\">\n\t\t\t\t\t\t\t\t\t\t\t\t\t\t\t<img fetchpriority=\"high\" decoding=\"async\" width=\"408\" height=\"612\" src=\"https:\/\/hairtrans.com\/wp-content\/uploads\/2023\/11\/male-hair-transplant.jpg\" class=\"attachment-large size-large wp-image-380\" alt=\"\" srcset=\"https:\/\/hairtrans.com\/wp-content\/uploads\/2023\/11\/male-hair-transplant.jpg 408w, https:\/\/hairtrans.com\/wp-content\/uploads\/2023\/11\/male-hair-transplant-200x300.jpg 200w\" sizes=\"(max-width: 408px) 100vw, 408px\" \/>\t\t\t\t\t\t\t\t\t\t\t\t\t\t\t<\/div>\n\t\t\t\t<\/div>\n\t\t\t\t<div class=\"elementor-element elementor-element-f0c5c95 elementor-widget elementor-widget-heading\" data-id=\"f0c5c95\" data-element_type=\"widget\" data-e-type=\"widget\" data-widget_type=\"heading.default\">\n\t\t\t\t<div class=\"elementor-widget-container\">\n\t\t\t\t\t<h2 class=\"elementor-heading-title elementor-size-default\">Trasplante de cabello para hombres: liberando confianza y estilo\n<\/h2>\t\t\t\t<\/div>\n\t\t\t\t<\/div>\n\t\t\t\t<div class=\"elementor-element elementor-element-c3a3398 elementor-widget elementor-widget-text-editor\" data-id=\"c3a3398\" data-element_type=\"widget\" data-e-type=\"widget\" data-widget_type=\"text-editor.default\">\n\t\t\t\t<div class=\"elementor-widget-container\">\n\t\t\t\t\t\t\t\t\t<p>La ca\u00edda del cabello puede afectar profundamente la autoestima y la apariencia general de un hombre. En Hair Trans Clinic entendemos la importancia de recuperar la confianza a trav\u00e9s de una restauraci\u00f3n capilar eficaz. Nuestro experto, el Dr. Mehmet Fatih Okyay, se especializa en t\u00e9cnicas de vanguardia como la extracci\u00f3n de unidades foliculares (FUE) y la FUE de zafiro. Con nuestro enfoque inclusivo y centrado en el paciente, ofrecemos soluciones personalizadas para abordar la calvicie de patr\u00f3n masculino. Conf\u00ede en nosotros no s\u00f3lo para restaurar su cabello sino tambi\u00e9n su sentido del estilo y la seguridad en s\u00ed mismo.<\/p>\t\t\t\t\t\t\t\t<\/div>\n\t\t\t\t<\/div>\n\t\t\t\t<div class=\"elementor-element elementor-element-21405f4 elementor-widget elementor-widget-button\" data-id=\"21405f4\" data-element_type=\"widget\" data-e-type=\"widget\" data-widget_type=\"button.default\">\n\t\t\t\t<div class=\"elementor-widget-container\">\n\t\t\t\t\t\t\t\t\t<div class=\"elementor-button-wrapper\">\n\t\t\t\t\t<a class=\"elementor-button elementor-button-link elementor-size-sm\" href=\"#contactformemre\">\n\t\t\t\t\t\t<span class=\"elementor-button-content-wrapper\">\n\t\t\t\t\t\t\t\t\t<span class=\"elementor-button-text\">Empezar<\/span>\n\t\t\t\t\t<\/span>\n\t\t\t\t\t<\/a>\n\t\t\t\t<\/div>\n\t\t\t\t\t\t\t\t<\/div>\n\t\t\t\t<\/div>\n\t\t\t\t\t<\/div>\n\t\t\t\t<\/div>\n\t\t<div class=\"elementor-element elementor-element-96e8d29 e-flex e-con-boxed e-con e-child\" data-id=\"96e8d29\" data-element_type=\"container\" data-e-type=\"container\">\n\t\t\t\t\t<div class=\"e-con-inner\">\n\t\t\t\t<div class=\"elementor-element elementor-element-845d8da elementor-widget elementor-widget-image\" data-id=\"845d8da\" data-element_type=\"widget\" data-e-type=\"widget\" data-widget_type=\"image.default\">\n\t\t\t\t<div class=\"elementor-widget-container\">\n\t\t\t\t\t\t\t\t\t\t\t\t\t\t\t<img decoding=\"async\" width=\"408\" height=\"612\" src=\"https:\/\/hairtrans.com\/wp-content\/uploads\/2023\/11\/female-hair-transplant.jpg\" class=\"attachment-large size-large wp-image-381\" alt=\"\" srcset=\"https:\/\/hairtrans.com\/wp-content\/uploads\/2023\/11\/female-hair-transplant.jpg 408w, https:\/\/hairtrans.com\/wp-content\/uploads\/2023\/11\/female-hair-transplant-200x300.jpg 200w\" sizes=\"(max-width: 408px) 100vw, 408px\" \/>\t\t\t\t\t\t\t\t\t\t\t\t\t\t\t<\/div>\n\t\t\t\t<\/div>\n\t\t\t\t<div class=\"elementor-element elementor-element-152bf6f elementor-widget elementor-widget-heading\" data-id=\"152bf6f\" data-element_type=\"widget\" data-e-type=\"widget\" data-widget_type=\"heading.default\">\n\t\t\t\t<div class=\"elementor-widget-container\">\n\t\t\t\t\t<h2 class=\"elementor-heading-title elementor-size-default\">Empoderar a las mujeres con el trasplante de cabello: acepte su belleza natural<\/h2>\t\t\t\t<\/div>\n\t\t\t\t<\/div>\n\t\t\t\t<div class=\"elementor-element elementor-element-1339b49 elementor-widget elementor-widget-text-editor\" data-id=\"1339b49\" data-element_type=\"widget\" data-e-type=\"widget\" data-widget_type=\"text-editor.default\">\n\t\t\t\t<div class=\"elementor-widget-container\">\n\t\t\t\t\t\t\t\t\t<p>La ca\u00edda del cabello no es exclusiva de los hombres; las mujeres tambi\u00e9n pueden experimentar su costo emocional. Hair Trans Clinic, bajo la experiencia del Dr. Mehmet Fatih Okyay, reconoce los desaf\u00edos \u00fanicos que enfrentan las mujeres con p\u00e9rdida de cabello o calvicie. Nuestras t\u00e9cnicas avanzadas de trasplante de cabello, incluido Sapphire FUE, est\u00e1n dise\u00f1adas para restaurar y mejorar su belleza natural. Con un compromiso con el bienestar del paciente, nos centramos no solo en la restauraci\u00f3n del cabello sino tambi\u00e9n en empoderar a las mujeres para que abracen su yo aut\u00e9ntico.<\/p>\t\t\t\t\t\t\t\t<\/div>\n\t\t\t\t<\/div>\n\t\t\t\t<div class=\"elementor-element elementor-element-29527e7 elementor-widget elementor-widget-button\" data-id=\"29527e7\" data-element_type=\"widget\" data-e-type=\"widget\" data-widget_type=\"button.default\">\n\t\t\t\t<div class=\"elementor-widget-container\">\n\t\t\t\t\t\t\t\t\t<div class=\"elementor-button-wrapper\">\n\t\t\t\t\t<a class=\"elementor-button elementor-button-link elementor-size-sm\" href=\"#contactformemre\">\n\t\t\t\t\t\t<span class=\"elementor-button-content-wrapper\">\n\t\t\t\t\t\t\t\t\t<span class=\"elementor-button-text\">Empezar<\/span>\n\t\t\t\t\t<\/span>\n\t\t\t\t\t<\/a>\n\t\t\t\t<\/div>\n\t\t\t\t\t\t\t\t<\/div>\n\t\t\t\t<\/div>\n\t\t\t\t\t<\/div>\n\t\t\t\t<\/div>\n\t\t<div class=\"elementor-element elementor-element-b7ca4b6 e-flex e-con-boxed e-con e-child\" data-id=\"b7ca4b6\" data-element_type=\"container\" data-e-type=\"container\">\n\t\t\t\t\t<div class=\"e-con-inner\">\n\t\t\t\t<div class=\"elementor-element elementor-element-680745f elementor-widget elementor-widget-image\" data-id=\"680745f\" data-element_type=\"widget\" data-e-type=\"widget\" data-widget_type=\"image.default\">\n\t\t\t\t<div class=\"elementor-widget-container\">\n\t\t\t\t\t\t\t\t\t\t\t\t\t\t\t<img decoding=\"async\" width=\"408\" height=\"612\" src=\"https:\/\/hairtrans.com\/wp-content\/uploads\/2023\/11\/transgender-hair-transplant.jpg\" class=\"attachment-large size-large wp-image-382\" alt=\"\" srcset=\"https:\/\/hairtrans.com\/wp-content\/uploads\/2023\/11\/transgender-hair-transplant.jpg 408w, https:\/\/hairtrans.com\/wp-content\/uploads\/2023\/11\/transgender-hair-transplant-200x300.jpg 200w\" sizes=\"(max-width: 408px) 100vw, 408px\" \/>\t\t\t\t\t\t\t\t\t\t\t\t\t\t\t<\/div>\n\t\t\t\t<\/div>\n\t\t\t\t<div class=\"elementor-element elementor-element-06a6aed elementor-widget elementor-widget-heading\" data-id=\"06a6aed\" data-element_type=\"widget\" data-e-type=\"widget\" data-widget_type=\"heading.default\">\n\t\t\t\t<div class=\"elementor-widget-container\">\n\t\t\t\t\t<h2 class=\"elementor-heading-title elementor-size-default\">Trasplante de cabello para mujeres trans: un viaje hacia la autoexpresi\u00f3n\n\n<\/h2>\t\t\t\t<\/div>\n\t\t\t\t<\/div>\n\t\t\t\t<div class=\"elementor-element elementor-element-03459bb elementor-widget elementor-widget-text-editor\" data-id=\"03459bb\" data-element_type=\"widget\" data-e-type=\"widget\" data-widget_type=\"text-editor.default\">\n\t\t\t\t<div class=\"elementor-widget-container\">\n\t\t\t\t\t\t\t\t\t<p>En Hair Trans Clinic celebramos la diversidad y la inclusi\u00f3n. Reconociendo que todos merecen sentirse seguros de su apariencia, estamos orgullosos de ofrecer servicios de trasplante de cabello para mujeres trans. La experiencia del Dr. Mehmet Fatih Okyay en extracci\u00f3n de unidades foliculares (FUE) y Sapphire FUE garantiza una experiencia personalizada y afirmativa. Nuestra cl\u00ednica no s\u00f3lo es respetuosa con el cabello; es compatible con LGBTQ+. Entendemos la importancia de la autoexpresi\u00f3n y nuestro equipo est\u00e1 dedicado a ayudar a las mujeres trans a lograr la apariencia deseada con compasi\u00f3n y comprensi\u00f3n.<\/p>\t\t\t\t\t\t\t\t<\/div>\n\t\t\t\t<\/div>\n\t\t\t\t<div class=\"elementor-element elementor-element-1fd7438 elementor-widget elementor-widget-button\" data-id=\"1fd7438\" data-element_type=\"widget\" data-e-type=\"widget\" data-widget_type=\"button.default\">\n\t\t\t\t<div class=\"elementor-widget-container\">\n\t\t\t\t\t\t\t\t\t<div class=\"elementor-button-wrapper\">\n\t\t\t\t\t<a class=\"elementor-button elementor-button-link elementor-size-sm\" href=\"#contactformemre\">\n\t\t\t\t\t\t<span class=\"elementor-button-content-wrapper\">\n\t\t\t\t\t\t\t\t\t<span class=\"elementor-button-text\">Empezar<\/span>\n\t\t\t\t\t<\/span>\n\t\t\t\t\t<\/a>\n\t\t\t\t<\/div>\n\t\t\t\t\t\t\t\t<\/div>\n\t\t\t\t<\/div>\n\t\t\t\t\t<\/div>\n\t\t\t\t<\/div>\n\t\t\t\t\t<\/div>\n\t\t\t\t<\/div>\n\t\t<div class=\"elementor-element elementor-element-9aa5266 e-flex e-con-boxed e-con e-parent\" data-id=\"9aa5266\" data-element_type=\"container\" data-e-type=\"container\">\n\t\t\t\t\t<div class=\"e-con-inner\">\n\t\t\t\t<div class=\"elementor-element elementor-element-42c693c elementor-widget elementor-widget-heading\" data-id=\"42c693c\" data-element_type=\"widget\" data-e-type=\"widget\" data-widget_type=\"heading.default\">\n\t\t\t\t<div class=\"elementor-widget-container\">\n\t\t\t\t\t<h2 class=\"elementor-heading-title elementor-size-default\">Comience su viaje<\/h2>\t\t\t\t<\/div>\n\t\t\t\t<\/div>\n\t\t\t\t<div class=\"elementor-element elementor-element-a07676a elementor-widget elementor-widget-text-editor\" data-id=\"a07676a\" data-element_type=\"widget\" data-e-type=\"widget\" data-widget_type=\"text-editor.default\">\n\t\t\t\t<div class=\"elementor-widget-container\">\n\t\t\t\t\t\t\t\t\t<p>Sin importar su ubicaci\u00f3n en el mundo, ahora puede acceder a servicios integrales de trasplante de cabello a las tarifas m\u00e1s competitivas en <a href=\"https:\/\/hairtrans.com\/es\/hair-transplantation-in-antalya-regain-your-self-con\/\">Antalya<\/a>, Turqu\u00eda. Benef\u00edciese de paquetes con todo incluido que garantizan una atenci\u00f3n de primera categor\u00eda bajo la experiencia del Dr. Mehmet Fatih Okyay. D\u00e9 el primer paso hacia una confianza renovada: su viaje hacia una restauraci\u00f3n capilar excepcional comienza aqu\u00ed mismo en Antalya, Turqu\u00eda.<\/p>\t\t\t\t\t\t\t\t<\/div>\n\t\t\t\t<\/div>\n\t\t\t\t\t<\/div>\n\t\t\t\t<\/div>\n\t\t\t\t<\/div>","protected":false},"excerpt":{"rendered":"<p>Hair Transplant For Everyone Home Hair Transplant For Everyone\u200b Transform with Confidence: Inclusive Hair Restoration at Its Finest At Hair Trans Clinic, we provide gender-inclusive hair restoration services led by Dr. Mehmet Fatih Okyay. Our expert team offers personalized solutions for individuals of all genders, celebrating diversity on the path to renewed confidence. Hair Transplantation [&hellip;]<\/p>\n","protected":false},"author":1,"featured_media":0,"parent":0,"menu_order":0,"comment_status":"closed","ping_status":"closed","template":"","meta":{"site-sidebar-layout":"no-sidebar","site-content-layout":"","ast-site-content-layout":"full-width-container","site-content-style":"default","site-sidebar-style":"default","ast-global-header-display":"","ast-banner-title-visibility":"","ast-main-header-display":"","ast-hfb-above-header-display":"","ast-hfb-below-header-display":"","ast-hfb-mobile-header-display":"","site-post-title":"disabled","ast-breadcrumbs-content":"","ast-featured-img":"disabled","footer-sml-layout":"","ast-disable-related-posts":"","theme-transparent-header-meta":"","adv-header-id-meta":"","stick-header-meta":"","header-above-stick-meta":"","header-main-stick-meta":"","header-below-stick-meta":"","astra-migrate-meta-layouts":"default","ast-page-background-enabled":"default","ast-page-background-meta":{"desktop":{"background-color":"var(--ast-global-color-4)","background-image":"","background-repeat":"repeat","background-position":"center center","background-size":"auto","background-attachment":"scroll","background-type":"","background-media":"","overlay-type":"","overlay-color":"","overlay-opacity":"","overlay-gradient":""},"tablet":{"background-color":"","background-image":"","background-repeat":"repeat","background-position":"center center","background-size":"auto","background-attachment":"scroll","background-type":"","background-media":"","overlay-type":"","overlay-color":"","overlay-opacity":"","overlay-gradient":""},"mobile":{"background-color":"","background-image":"","background-repeat":"repeat","background-position":"center center","background-size":"auto","background-attachment":"scroll","background-type":"","background-media":"","overlay-type":"","overlay-color":"","overlay-opacity":"","overlay-gradient":""}},"ast-content-background-meta":{"desktop":{"background-color":"var(--ast-global-color-5)","background-image":"","background-repeat":"repeat","background-position":"center center","background-size":"auto","background-attachment":"scroll","background-type":"","background-media":"","overlay-type":"","overlay-color":"","overlay-opacity":"","overlay-gradient":""},"tablet":{"background-color":"var(--ast-global-color-5)","background-image":"","background-repeat":"repeat","background-position":"center center","background-size":"auto","background-attachment":"scroll","background-type":"","background-media":"","overlay-type":"","overlay-color":"","overlay-opacity":"","overlay-gradient":""},"mobile":{"background-color":"var(--ast-global-color-5)","background-image":"","background-repeat":"repeat","background-position":"center center","background-size":"auto","background-attachment":"scroll","background-type":"","background-media":"","overlay-type":"","overlay-color":"","overlay-opacity":"","overlay-gradient":""}},"footnotes":""},"class_list":["post-378","page","type-page","status-publish","hentry"],"_links":{"self":[{"href":"https:\/\/hairtrans.com\/es\/wp-json\/wp\/v2\/pages\/378","targetHints":{"allow":["GET"]}}],"collection":[{"href":"https:\/\/hairtrans.com\/es\/wp-json\/wp\/v2\/pages"}],"about":[{"href":"https:\/\/hairtrans.com\/es\/wp-json\/wp\/v2\/types\/page"}],"author":[{"embeddable":true,"href":"https:\/\/hairtrans.com\/es\/wp-json\/wp\/v2\/users\/1"}],"replies":[{"embeddable":true,"href":"https:\/\/hairtrans.com\/es\/wp-json\/wp\/v2\/comments?post=378"}],"version-history":[{"count":37,"href":"https:\/\/hairtrans.com\/es\/wp-json\/wp\/v2\/pages\/378\/revisions"}],"predecessor-version":[{"id":443,"href":"https:\/\/hairtrans.com\/es\/wp-json\/wp\/v2\/pages\/378\/revisions\/443"}],"wp:attachment":[{"href":"https:\/\/hairtrans.com\/es\/wp-json\/wp\/v2\/media?parent=378"}],"curies":[{"name":"Gracias","href":"https:\/\/api.w.org\/{rel}","templated":true}]}}