{"id":378,"date":"2023-11-26T15:22:13","date_gmt":"2023-11-26T15:22:13","guid":{"rendered":"https:\/\/hairtrans.com\/?page_id=378"},"modified":"2024-02-26T10:01:36","modified_gmt":"2024-02-26T10:01:36","slug":"haartransplantation-fur-manner-frauen-und-transgender-frauen","status":"publish","type":"page","link":"https:\/\/hairtrans.com\/de\/hair-transplant-for-male-female-and-transgender-womens\/","title":{"rendered":"Haartransplantation f\u00fcr M\u00e4nner, Frauen und Transgender-Frauen"},"content":{"rendered":"<div data-elementor-type=\"wp-page\" data-elementor-id=\"378\" class=\"elementor elementor-378\">\n\t\t\t\t<div class=\"elementor-element elementor-element-4555c899 e-flex e-con-boxed e-con e-parent\" data-id=\"4555c899\" data-element_type=\"container\" data-e-type=\"container\" data-settings=\"{&quot;background_background&quot;:&quot;classic&quot;}\">\n\t\t\t\t\t<div class=\"e-con-inner\">\n\t\t\t\t<div class=\"elementor-element elementor-element-111ad20d elementor-invisible elementor-widget elementor-widget-heading\" data-id=\"111ad20d\" data-element_type=\"widget\" data-e-type=\"widget\" data-settings=\"{&quot;_animation&quot;:&quot;fadeIn&quot;}\" data-widget_type=\"heading.default\">\n\t\t\t\t<div class=\"elementor-widget-container\">\n\t\t\t\t\t<h2 class=\"elementor-heading-title elementor-size-default\">Haartransplantation f\u00fcr jedermann<\/h2>\t\t\t\t<\/div>\n\t\t\t\t<\/div>\n\t\t\t\t<div class=\"elementor-element elementor-element-4739f75c elementor-icon-list--layout-inline elementor-align-center elementor-list-item-link-full_width elementor-invisible elementor-widget elementor-widget-icon-list\" data-id=\"4739f75c\" data-element_type=\"widget\" data-e-type=\"widget\" data-settings=\"{&quot;_animation&quot;:&quot;fadeIn&quot;,&quot;_animation_delay&quot;:200}\" data-widget_type=\"icon-list.default\">\n\t\t\t\t<div class=\"elementor-widget-container\">\n\t\t\t\t\t\t\t<ul class=\"elementor-icon-list-items elementor-inline-items\">\n\t\t\t\t\t\t\t<li class=\"elementor-icon-list-item elementor-inline-item\">\n\t\t\t\t\t\t\t\t\t\t\t<a href=\"#\">\n\n\t\t\t\t\t\t\t\t\t\t\t<span class=\"elementor-icon-list-text\">Heim<\/span>\n\t\t\t\t\t\t\t\t\t\t\t<\/a>\n\t\t\t\t\t\t\t\t\t<\/li>\n\t\t\t\t\t\t\t\t<li class=\"elementor-icon-list-item elementor-inline-item\">\n\t\t\t\t\t\t\t\t\t\t\t<a href=\"https:\/\/hairtrans.com\/de\/haartransplantation-fur-manner-frauen-und-transgender-frauen\/\">\n\n\t\t\t\t\t\t\t\t\t\t\t\t<span class=\"elementor-icon-list-icon\">\n\t\t\t\t\t\t\t<i aria-hidden=\"true\" class=\"icon icon-right-arrow\"><\/i>\t\t\t\t\t\t<\/span>\n\t\t\t\t\t\t\t\t\t\t<span class=\"elementor-icon-list-text\">Haartransplantation f\u00fcr jedermann<\/span>\n\t\t\t\t\t\t\t\t\t\t\t<\/a>\n\t\t\t\t\t\t\t\t\t<\/li>\n\t\t\t\t\t\t<\/ul>\n\t\t\t\t\t\t<\/div>\n\t\t\t\t<\/div>\n\t\t<div class=\"elementor-element elementor-element-220a7e4d e-con-full e-flex elementor-invisible e-con e-child\" data-id=\"220a7e4d\" data-element_type=\"container\" data-e-type=\"container\" data-settings=\"{&quot;background_background&quot;:&quot;classic&quot;,&quot;animation&quot;:&quot;fadeIn&quot;,&quot;animation_delay&quot;:400}\">\n\t\t\t\t<div class=\"elementor-element elementor-element-2a32f70 elementor-widget elementor-widget-heading\" data-id=\"2a32f70\" data-element_type=\"widget\" data-e-type=\"widget\" data-widget_type=\"heading.default\">\n\t\t\t\t<div class=\"elementor-widget-container\">\n\t\t\t\t\t<h1 class=\"elementor-heading-title elementor-size-default\">Mit Zuversicht transformieren: <br> Inklusive Haarwiederherstellung vom Feinsten<\/h1>\t\t\t\t<\/div>\n\t\t\t\t<\/div>\n\t\t\t\t<div class=\"elementor-element elementor-element-1754661 elementor-widget elementor-widget-text-editor\" data-id=\"1754661\" data-element_type=\"widget\" data-e-type=\"widget\" data-widget_type=\"text-editor.default\">\n\t\t\t\t<div class=\"elementor-widget-container\">\n\t\t\t\t\t\t\t\t\t<p>Bei <a href=\"https:\/\/hairtrans.com\/de\/\">Haar<\/a> In der Hair Trans Clinic bieten wir geschlechtsspezifische Haarwiederherstellungsdienste unter der Leitung von Dr. Mehmet Fatih Okyay an. Unser Expertenteam bietet personalisierte L\u00f6sungen f\u00fcr Menschen jeden Geschlechts und w\u00fcrdigt die Vielfalt auf dem Weg zu neuem Selbstvertrauen.<\/p>\t\t\t\t\t\t\t\t<\/div>\n\t\t\t\t<\/div>\n\t\t\t\t<div class=\"elementor-element elementor-element-50bfc73b elementor-widget-divider--view-line elementor-widget elementor-widget-divider\" data-id=\"50bfc73b\" data-element_type=\"widget\" data-e-type=\"widget\" data-widget_type=\"divider.default\">\n\t\t\t\t<div class=\"elementor-widget-container\">\n\t\t\t\t\t\t\t<div class=\"elementor-divider\">\n\t\t\t<span class=\"elementor-divider-separator\">\n\t\t\t\t\t\t<\/span>\n\t\t<\/div>\n\t\t\t\t\t\t<\/div>\n\t\t\t\t<\/div>\n\t\t\t\t<\/div>\n\t\t\t\t\t<\/div>\n\t\t\t\t<\/div>\n\t\t<div class=\"elementor-element elementor-element-d63789d e-flex e-con-boxed e-con e-parent\" data-id=\"d63789d\" data-element_type=\"container\" data-e-type=\"container\">\n\t\t\t\t\t<div class=\"e-con-inner\">\n\t\t<div class=\"elementor-element elementor-element-176b64c e-flex e-con-boxed e-con e-child\" data-id=\"176b64c\" data-element_type=\"container\" data-e-type=\"container\">\n\t\t\t\t\t<div class=\"e-con-inner\">\n\t\t\t\t<div class=\"elementor-element elementor-element-103be5a elementor-widget elementor-widget-image\" data-id=\"103be5a\" data-element_type=\"widget\" data-e-type=\"widget\" data-widget_type=\"image.default\">\n\t\t\t\t<div class=\"elementor-widget-container\">\n\t\t\t\t\t\t\t\t\t\t\t\t\t\t\t<img fetchpriority=\"high\" decoding=\"async\" width=\"408\" height=\"612\" src=\"https:\/\/hairtrans.com\/wp-content\/uploads\/2023\/11\/male-hair-transplant.jpg\" class=\"attachment-large size-large wp-image-380\" alt=\"\" srcset=\"https:\/\/hairtrans.com\/wp-content\/uploads\/2023\/11\/male-hair-transplant.jpg 408w, https:\/\/hairtrans.com\/wp-content\/uploads\/2023\/11\/male-hair-transplant-200x300.jpg 200w\" sizes=\"(max-width: 408px) 100vw, 408px\" \/>\t\t\t\t\t\t\t\t\t\t\t\t\t\t\t<\/div>\n\t\t\t\t<\/div>\n\t\t\t\t<div class=\"elementor-element elementor-element-f0c5c95 elementor-widget elementor-widget-heading\" data-id=\"f0c5c95\" data-element_type=\"widget\" data-e-type=\"widget\" data-widget_type=\"heading.default\">\n\t\t\t\t<div class=\"elementor-widget-container\">\n\t\t\t\t\t<h2 class=\"elementor-heading-title elementor-size-default\">Haartransplantation f\u00fcr M\u00e4nner: Selbstvertrauen und Stil gewinnen\n<\/h2>\t\t\t\t<\/div>\n\t\t\t\t<\/div>\n\t\t\t\t<div class=\"elementor-element elementor-element-c3a3398 elementor-widget elementor-widget-text-editor\" data-id=\"c3a3398\" data-element_type=\"widget\" data-e-type=\"widget\" data-widget_type=\"text-editor.default\">\n\t\t\t\t<div class=\"elementor-widget-container\">\n\t\t\t\t\t\t\t\t\t<p>Haarausfall kann das Selbstwertgef\u00fchl und das allgemeine Erscheinungsbild eines Mannes erheblich beeintr\u00e4chtigen. In der Hair Trans Clinic wissen wir, wie wichtig es ist, durch eine effektive Haarwiederherstellung das Selbstvertrauen zur\u00fcckzugewinnen. Unser Experte, Dr. Mehmet Fatih Okyay, ist auf modernste Techniken wie Follicular Unit Extraction (FUE) und Sapphire FUE spezialisiert. Mit unserem umfassenden und patientenorientierten Ansatz bieten wir personalisierte L\u00f6sungen zur Behandlung von m\u00e4nnlichem Haarausfall. Vertrauen Sie darauf, dass wir nicht nur Ihr Haar, sondern auch Ihren Sinn f\u00fcr Stil und Ihr Selbstbewusstsein wiederherstellen.<\/p>\t\t\t\t\t\t\t\t<\/div>\n\t\t\t\t<\/div>\n\t\t\t\t<div class=\"elementor-element elementor-element-21405f4 elementor-widget elementor-widget-button\" data-id=\"21405f4\" data-element_type=\"widget\" data-e-type=\"widget\" data-widget_type=\"button.default\">\n\t\t\t\t<div class=\"elementor-widget-container\">\n\t\t\t\t\t\t\t\t\t<div class=\"elementor-button-wrapper\">\n\t\t\t\t\t<a class=\"elementor-button elementor-button-link elementor-size-sm\" href=\"#contactformemre\">\n\t\t\t\t\t\t<span class=\"elementor-button-content-wrapper\">\n\t\t\t\t\t\t\t\t\t<span class=\"elementor-button-text\">Loslegen<\/span>\n\t\t\t\t\t<\/span>\n\t\t\t\t\t<\/a>\n\t\t\t\t<\/div>\n\t\t\t\t\t\t\t\t<\/div>\n\t\t\t\t<\/div>\n\t\t\t\t\t<\/div>\n\t\t\t\t<\/div>\n\t\t<div class=\"elementor-element elementor-element-96e8d29 e-flex e-con-boxed e-con e-child\" data-id=\"96e8d29\" data-element_type=\"container\" data-e-type=\"container\">\n\t\t\t\t\t<div class=\"e-con-inner\">\n\t\t\t\t<div class=\"elementor-element elementor-element-845d8da elementor-widget elementor-widget-image\" data-id=\"845d8da\" data-element_type=\"widget\" data-e-type=\"widget\" data-widget_type=\"image.default\">\n\t\t\t\t<div class=\"elementor-widget-container\">\n\t\t\t\t\t\t\t\t\t\t\t\t\t\t\t<img decoding=\"async\" width=\"408\" height=\"612\" src=\"https:\/\/hairtrans.com\/wp-content\/uploads\/2023\/11\/female-hair-transplant.jpg\" class=\"attachment-large size-large wp-image-381\" alt=\"\" srcset=\"https:\/\/hairtrans.com\/wp-content\/uploads\/2023\/11\/female-hair-transplant.jpg 408w, https:\/\/hairtrans.com\/wp-content\/uploads\/2023\/11\/female-hair-transplant-200x300.jpg 200w\" sizes=\"(max-width: 408px) 100vw, 408px\" \/>\t\t\t\t\t\t\t\t\t\t\t\t\t\t\t<\/div>\n\t\t\t\t<\/div>\n\t\t\t\t<div class=\"elementor-element elementor-element-152bf6f elementor-widget elementor-widget-heading\" data-id=\"152bf6f\" data-element_type=\"widget\" data-e-type=\"widget\" data-widget_type=\"heading.default\">\n\t\t\t\t<div class=\"elementor-widget-container\">\n\t\t\t\t\t<h2 class=\"elementor-heading-title elementor-size-default\">Frauen durch Haartransplantation st\u00e4rken: Genie\u00dfen Sie Ihre nat\u00fcrliche Sch\u00f6nheit<\/h2>\t\t\t\t<\/div>\n\t\t\t\t<\/div>\n\t\t\t\t<div class=\"elementor-element elementor-element-1339b49 elementor-widget elementor-widget-text-editor\" data-id=\"1339b49\" data-element_type=\"widget\" data-e-type=\"widget\" data-widget_type=\"text-editor.default\">\n\t\t\t\t<div class=\"elementor-widget-container\">\n\t\t\t\t\t\t\t\t\t<p>Haarausfall betrifft nicht nur M\u00e4nner; Auch Frauen k\u00f6nnen seinen emotionalen Tribut erfahren. Die Hair Trans Clinic erkennt unter der Expertise von Dr. Mehmet Fatih Okyay die einzigartigen Herausforderungen, denen Frauen mit Haarausfall oder Kahlheit gegen\u00fcberstehen. Unsere fortschrittlichen Haartransplantationstechniken, einschlie\u00dflich Sapphire FUE, sind darauf zugeschnitten, Ihre nat\u00fcrliche Sch\u00f6nheit wiederherzustellen und zu verbessern. Mit unserem Engagement f\u00fcr das Wohlergehen unserer Patienten konzentrieren wir uns nicht nur auf die Haarwiederherstellung, sondern auch darauf, Frauen zu bef\u00e4higen, ihr authentisches Selbst anzunehmen.<\/p>\t\t\t\t\t\t\t\t<\/div>\n\t\t\t\t<\/div>\n\t\t\t\t<div class=\"elementor-element elementor-element-29527e7 elementor-widget elementor-widget-button\" data-id=\"29527e7\" data-element_type=\"widget\" data-e-type=\"widget\" data-widget_type=\"button.default\">\n\t\t\t\t<div class=\"elementor-widget-container\">\n\t\t\t\t\t\t\t\t\t<div class=\"elementor-button-wrapper\">\n\t\t\t\t\t<a class=\"elementor-button elementor-button-link elementor-size-sm\" href=\"#contactformemre\">\n\t\t\t\t\t\t<span class=\"elementor-button-content-wrapper\">\n\t\t\t\t\t\t\t\t\t<span class=\"elementor-button-text\">Loslegen<\/span>\n\t\t\t\t\t<\/span>\n\t\t\t\t\t<\/a>\n\t\t\t\t<\/div>\n\t\t\t\t\t\t\t\t<\/div>\n\t\t\t\t<\/div>\n\t\t\t\t\t<\/div>\n\t\t\t\t<\/div>\n\t\t<div class=\"elementor-element elementor-element-b7ca4b6 e-flex e-con-boxed e-con e-child\" data-id=\"b7ca4b6\" data-element_type=\"container\" data-e-type=\"container\">\n\t\t\t\t\t<div class=\"e-con-inner\">\n\t\t\t\t<div class=\"elementor-element elementor-element-680745f elementor-widget elementor-widget-image\" data-id=\"680745f\" data-element_type=\"widget\" data-e-type=\"widget\" data-widget_type=\"image.default\">\n\t\t\t\t<div class=\"elementor-widget-container\">\n\t\t\t\t\t\t\t\t\t\t\t\t\t\t\t<img decoding=\"async\" width=\"408\" height=\"612\" src=\"https:\/\/hairtrans.com\/wp-content\/uploads\/2023\/11\/transgender-hair-transplant.jpg\" class=\"attachment-large size-large wp-image-382\" alt=\"\" srcset=\"https:\/\/hairtrans.com\/wp-content\/uploads\/2023\/11\/transgender-hair-transplant.jpg 408w, https:\/\/hairtrans.com\/wp-content\/uploads\/2023\/11\/transgender-hair-transplant-200x300.jpg 200w\" sizes=\"(max-width: 408px) 100vw, 408px\" \/>\t\t\t\t\t\t\t\t\t\t\t\t\t\t\t<\/div>\n\t\t\t\t<\/div>\n\t\t\t\t<div class=\"elementor-element elementor-element-06a6aed elementor-widget elementor-widget-heading\" data-id=\"06a6aed\" data-element_type=\"widget\" data-e-type=\"widget\" data-widget_type=\"heading.default\">\n\t\t\t\t<div class=\"elementor-widget-container\">\n\t\t\t\t\t<h2 class=\"elementor-heading-title elementor-size-default\">Haartransplantation f\u00fcr Transfrauen: Eine Reise zur Selbstdarstellung\n\n<\/h2>\t\t\t\t<\/div>\n\t\t\t\t<\/div>\n\t\t\t\t<div class=\"elementor-element elementor-element-03459bb elementor-widget elementor-widget-text-editor\" data-id=\"03459bb\" data-element_type=\"widget\" data-e-type=\"widget\" data-widget_type=\"text-editor.default\">\n\t\t\t\t<div class=\"elementor-widget-container\">\n\t\t\t\t\t\t\t\t\t<p>In der Hair Trans Clinic feiern wir Vielfalt und Inklusivit\u00e4t. Wir sind uns bewusst, dass jeder es verdient, sich in seinem Aussehen sicher zu f\u00fchlen, und bieten daher stolz Haartransplantationsdienste f\u00fcr Transfrauen an. Dr. Mehmet Fatih Okyays Fachwissen in der Follicular Unit Extraction (FUE) und Sapphire FUE sorgt f\u00fcr ein personalisiertes und best\u00e4tigendes Erlebnis. Unsere Klinik ist nicht nur haarfreundlich; es ist LGBTQ+-freundlich. Wir wissen, wie wichtig der Selbstausdruck ist, und unser Team ist bestrebt, Transfrauen dabei zu helfen, mit Mitgef\u00fchl und Verst\u00e4ndnis ihr gew\u00fcnschtes Aussehen zu erreichen.<\/p>\t\t\t\t\t\t\t\t<\/div>\n\t\t\t\t<\/div>\n\t\t\t\t<div class=\"elementor-element elementor-element-1fd7438 elementor-widget elementor-widget-button\" data-id=\"1fd7438\" data-element_type=\"widget\" data-e-type=\"widget\" data-widget_type=\"button.default\">\n\t\t\t\t<div class=\"elementor-widget-container\">\n\t\t\t\t\t\t\t\t\t<div class=\"elementor-button-wrapper\">\n\t\t\t\t\t<a class=\"elementor-button elementor-button-link elementor-size-sm\" href=\"#contactformemre\">\n\t\t\t\t\t\t<span class=\"elementor-button-content-wrapper\">\n\t\t\t\t\t\t\t\t\t<span class=\"elementor-button-text\">Loslegen<\/span>\n\t\t\t\t\t<\/span>\n\t\t\t\t\t<\/a>\n\t\t\t\t<\/div>\n\t\t\t\t\t\t\t\t<\/div>\n\t\t\t\t<\/div>\n\t\t\t\t\t<\/div>\n\t\t\t\t<\/div>\n\t\t\t\t\t<\/div>\n\t\t\t\t<\/div>\n\t\t<div class=\"elementor-element elementor-element-9aa5266 e-flex e-con-boxed e-con e-parent\" data-id=\"9aa5266\" data-element_type=\"container\" data-e-type=\"container\">\n\t\t\t\t\t<div class=\"e-con-inner\">\n\t\t\t\t<div class=\"elementor-element elementor-element-42c693c elementor-widget elementor-widget-heading\" data-id=\"42c693c\" data-element_type=\"widget\" data-e-type=\"widget\" data-widget_type=\"heading.default\">\n\t\t\t\t<div class=\"elementor-widget-container\">\n\t\t\t\t\t<h2 class=\"elementor-heading-title elementor-size-default\">Beginnen Sie Ihre Reise<\/h2>\t\t\t\t<\/div>\n\t\t\t\t<\/div>\n\t\t\t\t<div class=\"elementor-element elementor-element-a07676a elementor-widget elementor-widget-text-editor\" data-id=\"a07676a\" data-element_type=\"widget\" data-e-type=\"widget\" data-widget_type=\"text-editor.default\">\n\t\t\t\t<div class=\"elementor-widget-container\">\n\t\t\t\t\t\t\t\t\t<p>Unabh\u00e4ngig von Ihrem Standort weltweit k\u00f6nnen Sie jetzt umfassende Haartransplantationsdienste zu den wettbewerbsf\u00e4higsten Preisen in Anspruch nehmen. <a href=\"https:\/\/hairtrans.com\/de\/hair-transplantation-in-antalya-regain-your-self-con\/\">Antalya<\/a>, T\u00fcrkei. Profitieren Sie von All-Inclusive-Paketen, die erstklassige Betreuung unter der Expertise von Dr. Mehmet Fatih Okyay garantieren. Machen Sie den ersten Schritt zu neuem Selbstvertrauen \u2013 Ihre Reise zu au\u00dfergew\u00f6hnlicher Haarwiederherstellung beginnt genau hier in Antalya, T\u00fcrkei!<\/p>\t\t\t\t\t\t\t\t<\/div>\n\t\t\t\t<\/div>\n\t\t\t\t\t<\/div>\n\t\t\t\t<\/div>\n\t\t\t\t<\/div>","protected":false},"excerpt":{"rendered":"<p>Hair Transplant For Everyone Home Hair Transplant For Everyone\u200b Transform with Confidence: Inclusive Hair Restoration at Its Finest At Hair Trans Clinic, we provide gender-inclusive hair restoration services led by Dr. Mehmet Fatih Okyay. Our expert team offers personalized solutions for individuals of all genders, celebrating diversity on the path to renewed confidence. Hair Transplantation [&hellip;]<\/p>\n","protected":false},"author":1,"featured_media":0,"parent":0,"menu_order":0,"comment_status":"closed","ping_status":"closed","template":"","meta":{"site-sidebar-layout":"no-sidebar","site-content-layout":"","ast-site-content-layout":"full-width-container","site-content-style":"default","site-sidebar-style":"default","ast-global-header-display":"","ast-banner-title-visibility":"","ast-main-header-display":"","ast-hfb-above-header-display":"","ast-hfb-below-header-display":"","ast-hfb-mobile-header-display":"","site-post-title":"disabled","ast-breadcrumbs-content":"","ast-featured-img":"disabled","footer-sml-layout":"","ast-disable-related-posts":"","theme-transparent-header-meta":"","adv-header-id-meta":"","stick-header-meta":"","header-above-stick-meta":"","header-main-stick-meta":"","header-below-stick-meta":"","astra-migrate-meta-layouts":"default","ast-page-background-enabled":"default","ast-page-background-meta":{"desktop":{"background-color":"var(--ast-global-color-4)","background-image":"","background-repeat":"repeat","background-position":"center center","background-size":"auto","background-attachment":"scroll","background-type":"","background-media":"","overlay-type":"","overlay-color":"","overlay-opacity":"","overlay-gradient":""},"tablet":{"background-color":"","background-image":"","background-repeat":"repeat","background-position":"center center","background-size":"auto","background-attachment":"scroll","background-type":"","background-media":"","overlay-type":"","overlay-color":"","overlay-opacity":"","overlay-gradient":""},"mobile":{"background-color":"","background-image":"","background-repeat":"repeat","background-position":"center center","background-size":"auto","background-attachment":"scroll","background-type":"","background-media":"","overlay-type":"","overlay-color":"","overlay-opacity":"","overlay-gradient":""}},"ast-content-background-meta":{"desktop":{"background-color":"var(--ast-global-color-5)","background-image":"","background-repeat":"repeat","background-position":"center center","background-size":"auto","background-attachment":"scroll","background-type":"","background-media":"","overlay-type":"","overlay-color":"","overlay-opacity":"","overlay-gradient":""},"tablet":{"background-color":"var(--ast-global-color-5)","background-image":"","background-repeat":"repeat","background-position":"center center","background-size":"auto","background-attachment":"scroll","background-type":"","background-media":"","overlay-type":"","overlay-color":"","overlay-opacity":"","overlay-gradient":""},"mobile":{"background-color":"var(--ast-global-color-5)","background-image":"","background-repeat":"repeat","background-position":"center center","background-size":"auto","background-attachment":"scroll","background-type":"","background-media":"","overlay-type":"","overlay-color":"","overlay-opacity":"","overlay-gradient":""}},"footnotes":""},"class_list":["post-378","page","type-page","status-publish","hentry"],"_links":{"self":[{"href":"https:\/\/hairtrans.com\/de\/wp-json\/wp\/v2\/pages\/378","targetHints":{"allow":["GET"]}}],"collection":[{"href":"https:\/\/hairtrans.com\/de\/wp-json\/wp\/v2\/pages"}],"about":[{"href":"https:\/\/hairtrans.com\/de\/wp-json\/wp\/v2\/types\/page"}],"author":[{"embeddable":true,"href":"https:\/\/hairtrans.com\/de\/wp-json\/wp\/v2\/users\/1"}],"replies":[{"embeddable":true,"href":"https:\/\/hairtrans.com\/de\/wp-json\/wp\/v2\/comments?post=378"}],"version-history":[{"count":37,"href":"https:\/\/hairtrans.com\/de\/wp-json\/wp\/v2\/pages\/378\/revisions"}],"predecessor-version":[{"id":443,"href":"https:\/\/hairtrans.com\/de\/wp-json\/wp\/v2\/pages\/378\/revisions\/443"}],"wp:attachment":[{"href":"https:\/\/hairtrans.com\/de\/wp-json\/wp\/v2\/media?parent=378"}],"curies":[{"name":"wp","href":"https:\/\/api.w.org\/{rel}","templated":true}]}}