{"id":3,"date":"2023-11-14T15:09:42","date_gmt":"2023-11-14T15:09:42","guid":{"rendered":"https:\/\/hairtrans.com\/?page_id=3"},"modified":"2024-02-26T10:00:59","modified_gmt":"2024-02-26T10:00:59","slug":"datenschutzrichtlinie","status":"publish","type":"page","link":"https:\/\/hairtrans.com\/de\/privacy-policy\/","title":{"rendered":"Datenschutzrichtlinie"},"content":{"rendered":"<p>Datenschutzerkl\u00e4rung f\u00fcr <a href=\"https:\/\/hairtrans.com\/de\/\">Haar<\/a> Trans<\/p>\n\n\n\n<p>Letzte Aktualisierung: 26.02.2024<\/p>\n\n\n\n<p>Ihre Sicherheit ist uns wichtig. Aus diesem Grund werden die personenbezogenen Daten, die Sie uns mitteilen, vertraulich gesch\u00fctzt.<\/p>\n\n\n\n<p>Wir, Hair Trans, als Datenverantwortlicher, legen mit dieser Datenschutz- und Datenschutzrichtlinie fest, welche Ihrer personenbezogenen Daten zu welchem Zweck verarbeitet werden, mit wem und warum die verarbeiteten Daten weitergegeben werden k\u00f6nnen, mit unserer Datenverarbeitungsmethode und rechtlichen Gr\u00fcnden ; Welche Rechte haben Sie bez\u00fcglich Ihrer verarbeiteten Daten? Unser Ziel ist es, Sie \u00fcber das Thema aufzukl\u00e4ren.<\/p>\n\n\n\n<h2 class=\"wp-block-heading\">Ihre erfassten personenbezogenen Daten, Erhebungsmethode und rechtlicher Grund<\/h2>\n\n\n\n<p>Ihre IP-Adresse und Benutzeragenteninformationen werden nur f\u00fcr Analysezwecke und Cookies usw. durch Technologien, automatisierte oder nicht automatisierte Methoden und manchmal Analyseanbieter verwendet, die von Dritten wie Werbenetzwerken, Suchinformationsanbietern, Technologieanbietern usw. bezogen werden Erfassung, Speicherung und Aktualisierung im Rahmen und der Dauer der Dienstleistung und des Vertragsverh\u00e4ltnisses zwischen uns. Die Verarbeitung erfolgt auf der Grundlage der Verarbeitungsbedingung des berechtigten Interesses.<\/p>\n\n\n\n<h2 class=\"wp-block-heading\">Zweck der Verarbeitung Ihrer personenbezogenen Daten<\/h2>\n\n\n\n<p>Die von Ihnen mitgeteilten personenbezogenen Daten stehen uns ausschlie\u00dflich durch Analyse zur Verf\u00fcgung; Von uns angebotene Dienste: Um die Anforderungen bestm\u00f6glich zu erf\u00fcllen und sicherzustellen, dass diese Dienste f\u00fcr Sie zug\u00e4nglich sind. Und damit Sie den gr\u00f6\u00dftm\u00f6glichen Nutzen daraus ziehen k\u00f6nnen, bieten wir unsere Leistungen bedarfsgerecht an. Wir entwickeln und bieten Ihnen innerhalb der rechtlichen Rahmenbedingungen ein breiteres Spektrum an Dienstleistern. Erf\u00fcllung und Verpflichtungen aus dem Gesetz (Weitergabe personenbezogener Daten an Justiz- und Verwaltungsbeh\u00f6rden auf Anfrage), um w\u00e4hrend der gesamten Vertrags- und Dienstleistungsdauer zielgerichtet und ma\u00dfvoll erf\u00fcllt zu werden. werden bearbeitet und aktualisiert.<\/p>\n\n\n\n<h2 class=\"wp-block-heading\">An wen und zu welchem Zweck die erhobenen personenbezogenen Daten \u00fcbermittelt werden k\u00f6nnen<\/h2>\n\n\n\n<p>Ihre personenbezogenen Daten, die Sie uns mitteilen; Wir beziehen Dienstleistungen zur Durchf\u00fchrung unserer T\u00e4tigkeiten und\/oder wir erbringen, unterhalten Vertragsbeziehungen mit und kooperieren mit ihnen im In- und Ausland f\u00fcr Dritte, Institutionen und Organisationen sowie auf Anfrage f\u00fcr Justiz- und Verwaltungsbeh\u00f6rden. Eine \u00dcbertragung ist unter der Voraussetzung m\u00f6glich, dass entsprechende Vorsichtsma\u00dfnahmen getroffen werden.<\/p>\n\n\n\n<h2 class=\"wp-block-heading\">Ihre Rechte als Person, deren personenbezogene Daten verarbeitet werden<\/h2>\n\n\n\n<p>Gem\u00e4\u00df Artikel 11 KVKK kann jeder folgende Rechte aus\u00fcben, indem er sich an den Verantwortlichen wendet:<\/p>\n\n\n\n<ol class=\"wp-block-list\" style=\"list-style-type:lower-alpha\">\n<li>Erfahren Sie, ob personenbezogene Daten verarbeitet werden,<\/li>\n\n\n\n<li>Auskunft verlangen, wenn personenbezogene Daten verarbeitet wurden,<\/li>\n\n\n\n<li>Informieren Sie sich \u00fcber den Zweck der Verarbeitung personenbezogener Daten und dar\u00fcber, ob diese f\u00fcr den vorgesehenen Zweck verwendet werden.<\/li>\n\n\n\n<li>Kenntnis der Dritten, an die personenbezogene Daten im In- oder Ausland \u00fcbermittelt werden,<\/li>\n\n\n\n<li>Aufforderung zur Berichtigung personenbezogener Daten, wenn diese unvollst\u00e4ndig oder fehlerhaft verarbeitet sind,<\/li>\n\n\n\n<li>Anfordern der L\u00f6schung oder Vernichtung personenbezogener Daten,<\/li>\n\n\n\n<li>Bitten Sie darum, dass die gem\u00e4\u00df den Abschnitten (e) und (f) durchgef\u00fchrten Transaktionen Dritten mitgeteilt werden, an die personenbezogene Daten \u00fcbermittelt werden,<\/li>\n\n\n\n<li>Einspruch dagegen einzulegen, dass durch die Analyse der verarbeiteten Daten ausschlie\u00dflich durch automatische Systeme ein Ergebnis gegen den Einzelnen entsteht,<\/li>\n\n\n\n<li>Im Falle eines Schadens, der auf eine rechtswidrige Verarbeitung personenbezogener Daten zur\u00fcckzuf\u00fchren ist, hat er\/sie das Recht, Ersatz des Schadens zu verlangen.<\/li>\n<\/ol>\n\n\n\n<p>Um Ihre oben aufgef\u00fchrten Rechte auszu\u00fcben, k\u00f6nnen Sie uns \u00fcber info@hairtrans.com kontaktieren.<\/p>\n\n\n\n<h2 class=\"wp-block-heading\">Kontakt<\/h2>\n\n\n\n<p>Um Analysen zum Zweck der Bereitstellung von Dienstleistungen f\u00fcr Sie durchf\u00fchren zu k\u00f6nnen, werden nur Ihre erforderlichen personenbezogenen Daten ben\u00f6tigt. Ob Sie die Verarbeitung personenbezogener Daten gem\u00e4\u00df dieser Datenschutz- und Verarbeitungsrichtlinie f\u00fcr personenbezogene Daten akzeptieren oder ablehnen, steht Ihnen v\u00f6llig frei. Wenn Sie die Website weiterhin nutzen, akzeptieren wir, dass Sie f\u00fcr detailliertere Informationen kontaktieren Sie uns bitte unter info@hairtrans.com. Bitte z\u00f6gern Sie nicht, vorbeizukommen.<\/p>\n\n\n\n<p><\/p>","protected":false},"excerpt":{"rendered":"<p>Privacy Policy for Hair Trans Last updated: 26\/02\/2024 Your safety is important to us. For this reason, the personal data you share with us is protected sensitively. We, Hair Trans, as the data controller, with this privacy and personal data protection policy, Which of your personal data will be processed for what purpose, with whom [&hellip;]<\/p>\n","protected":false},"author":1,"featured_media":0,"parent":0,"menu_order":0,"comment_status":"closed","ping_status":"open","template":"","meta":{"site-sidebar-layout":"default","site-content-layout":"","ast-site-content-layout":"default","site-content-style":"default","site-sidebar-style":"default","ast-global-header-display":"","ast-banner-title-visibility":"","ast-main-header-display":"","ast-hfb-above-header-display":"","ast-hfb-below-header-display":"","ast-hfb-mobile-header-display":"","site-post-title":"","ast-breadcrumbs-content":"","ast-featured-img":"","footer-sml-layout":"","ast-disable-related-posts":"","theme-transparent-header-meta":"","adv-header-id-meta":"","stick-header-meta":"","header-above-stick-meta":"","header-main-stick-meta":"","header-below-stick-meta":"","astra-migrate-meta-layouts":"default","ast-page-background-enabled":"default","ast-page-background-meta":{"desktop":{"background-color":"var(--ast-global-color-4)","background-image":"","background-repeat":"repeat","background-position":"center center","background-size":"auto","background-attachment":"scroll","background-type":"","background-media":"","overlay-type":"","overlay-color":"","overlay-opacity":"","overlay-gradient":""},"tablet":{"background-color":"","background-image":"","background-repeat":"repeat","background-position":"center center","background-size":"auto","background-attachment":"scroll","background-type":"","background-media":"","overlay-type":"","overlay-color":"","overlay-opacity":"","overlay-gradient":""},"mobile":{"background-color":"","background-image":"","background-repeat":"repeat","background-position":"center center","background-size":"auto","background-attachment":"scroll","background-type":"","background-media":"","overlay-type":"","overlay-color":"","overlay-opacity":"","overlay-gradient":""}},"ast-content-background-meta":{"desktop":{"background-color":"var(--ast-global-color-5)","background-image":"","background-repeat":"repeat","background-position":"center center","background-size":"auto","background-attachment":"scroll","background-type":"","background-media":"","overlay-type":"","overlay-color":"","overlay-opacity":"","overlay-gradient":""},"tablet":{"background-color":"var(--ast-global-color-5)","background-image":"","background-repeat":"repeat","background-position":"center center","background-size":"auto","background-attachment":"scroll","background-type":"","background-media":"","overlay-type":"","overlay-color":"","overlay-opacity":"","overlay-gradient":""},"mobile":{"background-color":"var(--ast-global-color-5)","background-image":"","background-repeat":"repeat","background-position":"center center","background-size":"auto","background-attachment":"scroll","background-type":"","background-media":"","overlay-type":"","overlay-color":"","overlay-opacity":"","overlay-gradient":""}},"footnotes":""},"class_list":["post-3","page","type-page","status-publish","hentry"],"_links":{"self":[{"href":"https:\/\/hairtrans.com\/de\/wp-json\/wp\/v2\/pages\/3","targetHints":{"allow":["GET"]}}],"collection":[{"href":"https:\/\/hairtrans.com\/de\/wp-json\/wp\/v2\/pages"}],"about":[{"href":"https:\/\/hairtrans.com\/de\/wp-json\/wp\/v2\/types\/page"}],"author":[{"embeddable":true,"href":"https:\/\/hairtrans.com\/de\/wp-json\/wp\/v2\/users\/1"}],"replies":[{"embeddable":true,"href":"https:\/\/hairtrans.com\/de\/wp-json\/wp\/v2\/comments?post=3"}],"version-history":[{"count":2,"href":"https:\/\/hairtrans.com\/de\/wp-json\/wp\/v2\/pages\/3\/revisions"}],"predecessor-version":[{"id":989,"href":"https:\/\/hairtrans.com\/de\/wp-json\/wp\/v2\/pages\/3\/revisions\/989"}],"wp:attachment":[{"href":"https:\/\/hairtrans.com\/de\/wp-json\/wp\/v2\/media?parent=3"}],"curies":[{"name":"wp","href":"https:\/\/api.w.org\/{rel}","templated":true}]}}